{"id":138,"date":"2017-03-22T06:36:21","date_gmt":"2017-03-22T06:36:21","guid":{"rendered":"http:\/\/www.kidsempowerment.org\/?page_id=138"},"modified":"2021-03-08T15:27:23","modified_gmt":"2021-03-08T15:27:23","slug":"rosa-m-arcuri","status":"publish","type":"page","link":"https:\/\/kidsempowerment.org\/fr\/about-us\/rosa-m-arcuri","title":{"rendered":"Rosa M. Arcuri"},"content":{"rendered":"<div class=\"n module-type-header diyfeLiveArea\">\n<div class=\"n module-type-header diyfeLiveArea\">\n<div class=\"n module-type-header diyfeLiveArea\">\n<p><strong>Rosa M. Arcuri&nbsp;<\/strong>a rejoint KE en tant qu\u2019associ\u00e9e en octobre 2016\u00a0; elle a \u00e9t\u00e9 \u00e9lue Vice-Pr\u00e9sidente le 22 avril 2017. D\u2019origine italienne, elle est avocate en Droit de l\u2019Homme. Depuis 2008, elle d\u00e9fend la protection des Enfants et des R\u00e9fugi\u00e9s et a assist\u00e9 les autorit\u00e9s dans l\u2019investigation et le compte-rendu des violations des droits de l\u2019Homme. Son exp\u00e9rience comprend notamment l\u2019aide aux ONG locales de la r\u00e9gion subsaharienne dans la construction, en pourvoyant formation et assistance technique.<\/p>\n<p>Elle est titulaire d\u2019un Master en Droits de l\u2019Homme et en Gestion de Conflits de la Scuola Sant\u2019Anna (Pise, Italie). Elle pr\u00e9pare actuellement le rapport national de Kids Empowerment sur l\u2019Italie, et s\u2019investit dans un projet de d\u00e9veloppement de Kids Empowerment en Italie.<\/p>\n<\/div>\n<\/div>\n<div class=\"n module-type-text diyfeLiveArea\">\n<p>Contact :&nbsp;<a href=\"mailto:rosa.arcuri@kidsempowerment.org\" target=\"_self\" rel=\"noopener noreferrer\">rosa.arcuri@kidsempowerment.org<\/a><\/p>\n<\/div>\n<\/div>\n<div class=\"n module-type-header diyfeLiveArea\">\n<div class=\"n module-type-header diyfeLiveArea\"><\/div>\n<\/div>","protected":false},"excerpt":{"rendered":"<p>Rosa M. Arcuri&nbsp;joined KE as a fellow in October 2016 and was elected as KE\u2019s Vice President on April 22,<\/p>","protected":false},"author":58,"featured_media":0,"parent":3518,"menu_order":0,"comment_status":"closed","ping_status":"closed","template":"","meta":{"footnotes":""},"class_list":["post-138","page","type-page","status-publish","hentry"],"acf":[],"_links":{"self":[{"href":"https:\/\/kidsempowerment.org\/fr\/wp-json\/wp\/v2\/pages\/138","targetHints":{"allow":["GET"]}}],"collection":[{"href":"https:\/\/kidsempowerment.org\/fr\/wp-json\/wp\/v2\/pages"}],"about":[{"href":"https:\/\/kidsempowerment.org\/fr\/wp-json\/wp\/v2\/types\/page"}],"author":[{"embeddable":true,"href":"https:\/\/kidsempowerment.org\/fr\/wp-json\/wp\/v2\/users\/58"}],"replies":[{"embeddable":true,"href":"https:\/\/kidsempowerment.org\/fr\/wp-json\/wp\/v2\/comments?post=138"}],"version-history":[{"count":5,"href":"https:\/\/kidsempowerment.org\/fr\/wp-json\/wp\/v2\/pages\/138\/revisions"}],"predecessor-version":[{"id":5236,"href":"https:\/\/kidsempowerment.org\/fr\/wp-json\/wp\/v2\/pages\/138\/revisions\/5236"}],"up":[{"embeddable":true,"href":"https:\/\/kidsempowerment.org\/fr\/wp-json\/wp\/v2\/pages\/3518"}],"wp:attachment":[{"href":"https:\/\/kidsempowerment.org\/fr\/wp-json\/wp\/v2\/media?parent=138"}],"curies":[{"name":"wp","href":"https:\/\/api.w.org\/{rel}","templated":true}]}}