{"id":1559,"date":"2021-03-06T13:45:24","date_gmt":"2021-03-06T13:45:24","guid":{"rendered":"https:\/\/kidsempowerment.org\/?page_id=1559"},"modified":"2021-03-07T18:48:18","modified_gmt":"2021-03-07T18:48:18","slug":"pauline-vigan","status":"publish","type":"page","link":"https:\/\/kidsempowerment.org\/fr\/about-us\/pauline-vigan","title":{"rendered":"Pauline Vigan"},"content":{"rendered":"<p><strong style=\"font-size: inherit;\">Pauline Vigan<\/strong><span style=\"font-size: inherit;\"> a pr\u00e8s de 20 ans d\u2019exp\u00e9rience dans l\u2019\u00e9ducation des enfants au sein de diverses ONG de d\u00e9veloppement international.  Elle a d\u00e9but\u00e9 sa carri\u00e8re au Royaume-Uni chez OXFAM, charg\u00e9e de promouvoir les programmes de citoyennet\u00e9 dans les \u00e9coles \u00e0 l\u2019international.<\/span><\/p>\n<div class=\"n module-type-text diyfeLiveArea\">\n<p>\u00c0 la fin des ann\u00e9es 1990, elle a int\u00e9gr\u00e9 une \u00e9quipe de surveillance \u00e9lectorale \u00e0 l\u2019OSCE en Bosnie-Herz\u00e9govine. De 2000 \u00e0 2006, elle a travaill\u00e9 en Inde et en R\u00e9publique d\u00e9mocratique du Congo o\u00f9 elle a d\u00e9velopp\u00e9 et mis en \u0153uvre des programmes ax\u00e9s sur les enfants pour des ONG telles que ASMAE (Association S\u0153ur Emmanuelle), Action Contre le Faim et Save the Children UK, pour la r\u00e9insertion scolaire d\u2019anciens enfants soldats. De 2006 \u00e0 2012, elle est responsable d\u2019un centre pour enfants des rue \u00e0 Lagos, au Nig\u00e9ria, et collecte des fonds pour le Small World Nigeria\u2019s Charity Committee. En parall\u00e8le elle a \u0153uvr\u00e9 pour HURINET, le r\u00e9seau des droits de l\u2019homme du British Council de Lagos, \u00e0 coacher et former des travailleurs humanitaires. Depuis 2014, elle fait campagne pour les droits de l\u2019enfant par le biais d\u2019un programme d\u2019immersion culturelle \u00e0 l\u2019American School of Paris o\u00f9 elle enseigne \u00e9galement l\u2019anglais.<\/p>\n<p>De 2000 \u00e0 2006, elle a travaill\u00e9 en Inde et en R\u00e9publique d\u00e9mocratique du Congo o\u00f9 elle a d\u00e9velopp\u00e9 et mis en \u0153uvre des programmes ax\u00e9s sur les enfants pour des ONG telles que ASMAE (Association S\u0153ur Emmanuelle), Action Contre le Faim et Save the Children UK, pour la r\u00e9insertion scolaire d\u2019anciens enfants soldats. De 2006 \u00e0 2012, elle est responsable d\u2019un centre pour enfants des rue \u00e0 Lagos, au Nig\u00e9ria, et collecte des fonds pour le Small World Nigeria\u2019s Charity Committee. En parall\u00e8le elle a \u0153uvr\u00e9 pour HURINET, le r\u00e9seau des droits de l\u2019homme du British Council de Lagos, \u00e0 coacher et former des travailleurs humanitaires. Depuis 2014, elle fait campagne pour les droits de l\u2019enfant par le biais d\u2019un programme d\u2019immersion culturelle \u00e0 l\u2019American School of Paris o\u00f9 elle enseigne \u00e9galement l\u2019anglais.<\/p>\n<p>En 2016, elle a rejoint le groupe de travail de Terre des Hommes France sur les droits de l\u2019enfant, en tant que conseiller en \u00e9ducation. Elle y a organis\u00e9 des consultations mondiales pour le HCR sur les jeunes r\u00e9fugi\u00e9s en France avant de rejoindre Kids Empowerment pour diriger le nouveau programme d\u2019\u00e9ducation.<\/p>\n<p>Elle est titulaire d\u2019une ma\u00eetrise en communication culturelle de l\u2019Universit\u00e9 d\u2019Aix-Marseille et d\u2019une ma\u00eetrise en migration forc\u00e9e du Centre d\u2019\u00e9tudes sur les R\u00e9fugi\u00e9s, de l\u2019universit\u00e9 d\u2019Oxford. Elle a entam\u00e9 un doctorat en sciences de l\u2019\u00e9ducation et de la recherche sociale \u00e0 l\u2019Institut d\u2019Education de University of London.<\/p>\n<p>Contact : <a href=\"mailto:pauline.vigan@kidsempowerment.org\">pauline.vigan@kidsempowerment.org<\/a><\/p>\n<\/div>","protected":false},"excerpt":{"rendered":"<p>Pauline Vigan has almost 20 years\u2019 experience in children\u2019s education with various NGOs in the International Development field.\u00a0\u00a0She started her<\/p>","protected":false},"author":58,"featured_media":0,"parent":3518,"menu_order":10,"comment_status":"closed","ping_status":"closed","template":"","meta":{"footnotes":""},"class_list":["post-1559","page","type-page","status-publish","hentry"],"acf":[],"_links":{"self":[{"href":"https:\/\/kidsempowerment.org\/fr\/wp-json\/wp\/v2\/pages\/1559","targetHints":{"allow":["GET"]}}],"collection":[{"href":"https:\/\/kidsempowerment.org\/fr\/wp-json\/wp\/v2\/pages"}],"about":[{"href":"https:\/\/kidsempowerment.org\/fr\/wp-json\/wp\/v2\/types\/page"}],"author":[{"embeddable":true,"href":"https:\/\/kidsempowerment.org\/fr\/wp-json\/wp\/v2\/users\/58"}],"replies":[{"embeddable":true,"href":"https:\/\/kidsempowerment.org\/fr\/wp-json\/wp\/v2\/comments?post=1559"}],"version-history":[{"count":4,"href":"https:\/\/kidsempowerment.org\/fr\/wp-json\/wp\/v2\/pages\/1559\/revisions"}],"predecessor-version":[{"id":5193,"href":"https:\/\/kidsempowerment.org\/fr\/wp-json\/wp\/v2\/pages\/1559\/revisions\/5193"}],"up":[{"embeddable":true,"href":"https:\/\/kidsempowerment.org\/fr\/wp-json\/wp\/v2\/pages\/3518"}],"wp:attachment":[{"href":"https:\/\/kidsempowerment.org\/fr\/wp-json\/wp\/v2\/media?parent=1559"}],"curies":[{"name":"wp","href":"https:\/\/api.w.org\/{rel}","templated":true}]}}