{"id":1591,"date":"2018-01-17T08:50:49","date_gmt":"2018-01-17T08:50:49","guid":{"rendered":"https:\/\/kidsempowerment.org\/?page_id=1591"},"modified":"2021-03-08T16:14:34","modified_gmt":"2021-03-08T16:14:34","slug":"alice-ouaknine","status":"publish","type":"page","link":"https:\/\/kidsempowerment.org\/fr\/about-us\/alice-ouaknine","title":{"rendered":"Alice Ouaknine"},"content":{"rendered":"<p><strong>Alice Ouaknine<\/strong> est une avocate p\u00e9naliste fran\u00e7aise. Avant de contribuer aux travaux de Kids Empowerment, elle \u00e9tait stagiaire aupr\u00e8s des Co-Procureurs des Chambres Extraordinaires des Cours du Cambodge, avec une concentration sur les mariages forc\u00e9s. Son parcours universitaire comprend notamment un Master en Administration Internationale de l\u2019Universit\u00e9 de la Sorbonne, ainsi qu\u2019une Ma\u00eetrise en Droit International Public de l\u2019Universit\u00e9 Panth\u00e9on-Assas. Elle est passionn\u00e9e par les droits de l\u2019Homme et la justice p\u00e9nale.<\/p>","protected":false},"excerpt":{"rendered":"<p>Alice Ouaknine is a French criminal lawyer. Prior to contributing to Kids Empowerment projects, she worked as an intern in<\/p>","protected":false},"author":58,"featured_media":0,"parent":3518,"menu_order":100,"comment_status":"closed","ping_status":"closed","template":"","meta":{"footnotes":""},"class_list":["post-1591","page","type-page","status-publish","hentry"],"acf":[],"_links":{"self":[{"href":"https:\/\/kidsempowerment.org\/fr\/wp-json\/wp\/v2\/pages\/1591","targetHints":{"allow":["GET"]}}],"collection":[{"href":"https:\/\/kidsempowerment.org\/fr\/wp-json\/wp\/v2\/pages"}],"about":[{"href":"https:\/\/kidsempowerment.org\/fr\/wp-json\/wp\/v2\/types\/page"}],"author":[{"embeddable":true,"href":"https:\/\/kidsempowerment.org\/fr\/wp-json\/wp\/v2\/users\/58"}],"replies":[{"embeddable":true,"href":"https:\/\/kidsempowerment.org\/fr\/wp-json\/wp\/v2\/comments?post=1591"}],"version-history":[{"count":3,"href":"https:\/\/kidsempowerment.org\/fr\/wp-json\/wp\/v2\/pages\/1591\/revisions"}],"predecessor-version":[{"id":5249,"href":"https:\/\/kidsempowerment.org\/fr\/wp-json\/wp\/v2\/pages\/1591\/revisions\/5249"}],"up":[{"embeddable":true,"href":"https:\/\/kidsempowerment.org\/fr\/wp-json\/wp\/v2\/pages\/3518"}],"wp:attachment":[{"href":"https:\/\/kidsempowerment.org\/fr\/wp-json\/wp\/v2\/media?parent=1591"}],"curies":[{"name":"wp","href":"https:\/\/api.w.org\/{rel}","templated":true}]}}