{"id":176,"date":"2017-04-05T10:13:23","date_gmt":"2017-04-05T10:13:23","guid":{"rendered":"http:\/\/www.kidsempowerment.org\/?page_id=176"},"modified":"2021-03-08T15:16:11","modified_gmt":"2021-03-08T15:16:11","slug":"luciana-apicella","status":"publish","type":"page","link":"https:\/\/kidsempowerment.org\/fr\/about-us\/luciana-apicella","title":{"rendered":"Luciana Apicella"},"content":{"rendered":"<p class=\"Corpo\" style=\"text-align: justify;\"><span lang=\"IT\"><strong>Luciana Apicella<\/strong> est diplom\u00e9e en droit p\u00e9nal international et europ\u00e9en. Titulaire d'un LL.M (master en droits) en droit public international de l'institut de hautes \u00e9tudes internationales et du d\u00e9velopement (IHEID) \u00e0 Gen\u00e8ve, elle s'est sp\u00e9cialis\u00e9e sur les questions de protection des groupes vuln\u00e9rables, en particuliers des mineurs non accompagn\u00e9s. Ancienne stagiaire juridique au parlement europ\u00e9en \u00e0 Bruxelles, elle est actuellement \u00e9ducatrice dans le cadre du Mod\u00e8le des Nations Unis et \u00e9l\u00e8ve avocate pour les barreaux italien et espagnol.\u00a0 <\/span><\/p>","protected":false},"excerpt":{"rendered":"<p>Luciana Apicella graduated in Law with a final thesis on International and European Criminal Law, she holds an LL.M in<\/p>","protected":false},"author":58,"featured_media":0,"parent":3518,"menu_order":30,"comment_status":"closed","ping_status":"closed","template":"","meta":{"footnotes":""},"class_list":["post-176","page","type-page","status-publish","hentry"],"acf":[],"_links":{"self":[{"href":"https:\/\/kidsempowerment.org\/fr\/wp-json\/wp\/v2\/pages\/176","targetHints":{"allow":["GET"]}}],"collection":[{"href":"https:\/\/kidsempowerment.org\/fr\/wp-json\/wp\/v2\/pages"}],"about":[{"href":"https:\/\/kidsempowerment.org\/fr\/wp-json\/wp\/v2\/types\/page"}],"author":[{"embeddable":true,"href":"https:\/\/kidsempowerment.org\/fr\/wp-json\/wp\/v2\/users\/58"}],"replies":[{"embeddable":true,"href":"https:\/\/kidsempowerment.org\/fr\/wp-json\/wp\/v2\/comments?post=176"}],"version-history":[{"count":2,"href":"https:\/\/kidsempowerment.org\/fr\/wp-json\/wp\/v2\/pages\/176\/revisions"}],"predecessor-version":[{"id":4814,"href":"https:\/\/kidsempowerment.org\/fr\/wp-json\/wp\/v2\/pages\/176\/revisions\/4814"}],"up":[{"embeddable":true,"href":"https:\/\/kidsempowerment.org\/fr\/wp-json\/wp\/v2\/pages\/3518"}],"wp:attachment":[{"href":"https:\/\/kidsempowerment.org\/fr\/wp-json\/wp\/v2\/media?parent=176"}],"curies":[{"name":"wp","href":"https:\/\/api.w.org\/{rel}","templated":true}]}}