{"id":184,"date":"2017-04-05T10:14:51","date_gmt":"2017-04-05T10:14:51","guid":{"rendered":"http:\/\/www.kidsempowerment.org\/?page_id=184"},"modified":"2021-03-06T13:22:13","modified_gmt":"2021-03-06T13:22:13","slug":"anna-kurdova","status":"publish","type":"page","link":"https:\/\/kidsempowerment.org\/fr\/about-us\/anna-kurdova","title":{"rendered":"Anna Kurdova"},"content":{"rendered":"<div class=\"n module-type-header diyfeLiveArea\"><\/div>\n<div class=\"n module-type-text diyfeLiveArea\">\n<p>Entre 2001 et 2014,\u00a0Anna Kurdova\u00a0a fourni de l\u2019assistance technique \u00e0 la r\u00e9daction l\u00e9gislative et mise en place de lois affectant la soci\u00e9t\u00e9 civile en Arm\u00e9nie. Elle a aussi fourni des recommandations concernant la situation des enfants et la conformit\u00e9 de la l\u00e9gislation nationale arm\u00e9nienne \u00e0 la Convention des Nations unies relative aux droits de l\u2019enfant, en particulier dans le cadre des programmes d\u2019aide internationale. Elle a r\u00e9alis\u00e9 des travaux de plaidoyer avec divers minist\u00e8res et parlementaires durant les r\u00e9formes des services sociaux arm\u00e9niennes. Elle a men\u00e9 de nombreuses formations sur le syst\u00e8me de protection des droits de l\u2019enfant destin\u00e9es aux parlementaires, gouvernements autonomes locaux, juges, ONG repr\u00e9sentatives, et membres des commissions de tutelle l\u00e9gale et de curatelle.<\/p>\n<p>Anna Kurdova est titulaire d\u2019un Master de Droit de Yaroslav State University (Russie), et un Doctorat en Droit obtenu \u00e0 Moscow State University (Lomonosov, Russie).<\/p>\n<p>Contact :&nbsp;<a href=\"mailto:kurdova.anna@kidsempowerment.org\" target=\"_self\" rel=\"noopener noreferrer\">kurdova.anna@kidsempowerment.org<\/a><\/p>\n<\/div>","protected":false},"excerpt":{"rendered":"<p>From 2001 to 2014, she provided technical assistance to legislation drafting and implementation of laws affecting civil society in Armenia,<\/p>","protected":false},"author":58,"featured_media":0,"parent":3518,"menu_order":70,"comment_status":"closed","ping_status":"closed","template":"","meta":{"footnotes":""},"class_list":["post-184","page","type-page","status-publish","hentry"],"acf":[],"_links":{"self":[{"href":"https:\/\/kidsempowerment.org\/fr\/wp-json\/wp\/v2\/pages\/184","targetHints":{"allow":["GET"]}}],"collection":[{"href":"https:\/\/kidsempowerment.org\/fr\/wp-json\/wp\/v2\/pages"}],"about":[{"href":"https:\/\/kidsempowerment.org\/fr\/wp-json\/wp\/v2\/types\/page"}],"author":[{"embeddable":true,"href":"https:\/\/kidsempowerment.org\/fr\/wp-json\/wp\/v2\/users\/58"}],"replies":[{"embeddable":true,"href":"https:\/\/kidsempowerment.org\/fr\/wp-json\/wp\/v2\/comments?post=184"}],"version-history":[{"count":3,"href":"https:\/\/kidsempowerment.org\/fr\/wp-json\/wp\/v2\/pages\/184\/revisions"}],"predecessor-version":[{"id":4887,"href":"https:\/\/kidsempowerment.org\/fr\/wp-json\/wp\/v2\/pages\/184\/revisions\/4887"}],"up":[{"embeddable":true,"href":"https:\/\/kidsempowerment.org\/fr\/wp-json\/wp\/v2\/pages\/3518"}],"wp:attachment":[{"href":"https:\/\/kidsempowerment.org\/fr\/wp-json\/wp\/v2\/media?parent=184"}],"curies":[{"name":"wp","href":"https:\/\/api.w.org\/{rel}","templated":true}]}}