{"id":186,"date":"2017-04-05T10:15:14","date_gmt":"2017-04-05T10:15:14","guid":{"rendered":"http:\/\/www.kidsempowerment.org\/?page_id=186"},"modified":"2021-03-06T13:10:20","modified_gmt":"2021-03-06T13:10:20","slug":"caroline-newman","status":"publish","type":"page","link":"https:\/\/kidsempowerment.org\/fr\/about-us\/caroline-newman","title":{"rendered":"Caroline Newman"},"content":{"rendered":"<div class=\"n module-type-header diyfeLiveArea\"><\/div>\n<div class=\"n module-type-text diyfeLiveArea\">\n<p><b>Caroline Loussouarn Newman<\/b>\u00a0est juge assesseur HCR \u00e0 la Cour nationale du droit d\u2019asile. Elle\u00a0a une exp\u00e9rience solide aupr\u00e8s des ONG de d\u00e9veloppement international ayant travaill\u00e9 dans ce secteur depuis vingts ans. Elle a commenc\u00e9 sa carri\u00e8re dans ce domaine en 1998, \u00e0 l\u2019International Center for Not-for-Profit Law (ICNL), situ\u00e9 \u00e0 Washington, DC. Elle y g\u00e8re des programmes de mise en place de l\u2019\u00e9tat de droit dans les pays nouvellement ind\u00e9pendants du Caucase et d\u2019Europe Orientale. Elle s\u2019est aussi port\u00e9e expert juridique en m\u00e9canismes de financement public du secteur associatif. Par la suite, elle a rejoint l\u2019Open Society Institute \u00e0 Budapest comme responsable de programme de d\u00e9centralisation pour la a r\u00e9gion des Balkans et la F\u00e9d\u00e9ration Russe entre 2003 et 2005. Depuis elle se consacre aux droits de l\u2019enfant et a particip\u00e9 en tant qu\u2019expert juridique aux projets de d\u00e9sinstitutionalisation en Arm\u00e9nie, Moldavie, et G\u00e9orgie. Elle a eu le privil\u00e8ge d\u2019\u00eatre la r\u00e9dactrice en chef de la r\u00e9forme legislative aff\u00e9rant \u00e0 la protection de l\u2019enfance en Moldavie et en G\u00e9orgie. Elle a \u00e9t\u00e9 Secr\u00e9taire G\u00e9n\u00e9ral de Terre des Hommes France entre 2014 et ce jusqu\u2019\u00e0 la cr\u00e9ation de Kids Empowerment en juin 2016. Elle a \u00e9t\u00e9 administrateur ad hoc aupr\u00e8s de la Cour d\u2019appel de Paris pour le compte de la Croix Rouge Fran\u00e7aise de 2015 \u00e0 2018. Dans ce cadre elle a assur\u00e9 la repr\u00e9sentation l\u00e9gale des mineurs non accompagn\u00e9s faisant une demande de protection internationale.<\/p>\n<p>Elle est titulaire d\u2019un LL.M en Histoire et Th\u00e9orie Juridiques de l\u2019Universit\u00e9 de Londres, d\u2019un dipl\u00f4me en Droit International d\u00e9livr\u00e9 par MGIMO (Moscow State Institute of International Relations), et d\u2019un dipl\u00f4me d\u2019\u00e9tudes sup\u00e9rieures de HEI (Ecole des Hautes Etudes Internationales).<\/p>\n<p>Contact :\u00a0<a href=\"mailto:cnewman@kidsempowerment.org\" target=\"_self\" rel=\"noopener noreferrer\">cnewman@kidsempowerment.org<\/a><\/p>\n<\/div>","protected":false},"excerpt":{"rendered":"<p>Caroline Loussouarn Newman\u00a0is an associate justice at the French National Asylum court. She has solid experience in international development NGOs<\/p>","protected":false},"author":58,"featured_media":0,"parent":3518,"menu_order":80,"comment_status":"closed","ping_status":"closed","template":"","meta":{"footnotes":""},"class_list":["post-186","page","type-page","status-publish","hentry"],"acf":[],"_links":{"self":[{"href":"https:\/\/kidsempowerment.org\/fr\/wp-json\/wp\/v2\/pages\/186","targetHints":{"allow":["GET"]}}],"collection":[{"href":"https:\/\/kidsempowerment.org\/fr\/wp-json\/wp\/v2\/pages"}],"about":[{"href":"https:\/\/kidsempowerment.org\/fr\/wp-json\/wp\/v2\/types\/page"}],"author":[{"embeddable":true,"href":"https:\/\/kidsempowerment.org\/fr\/wp-json\/wp\/v2\/users\/58"}],"replies":[{"embeddable":true,"href":"https:\/\/kidsempowerment.org\/fr\/wp-json\/wp\/v2\/comments?post=186"}],"version-history":[{"count":5,"href":"https:\/\/kidsempowerment.org\/fr\/wp-json\/wp\/v2\/pages\/186\/revisions"}],"predecessor-version":[{"id":4883,"href":"https:\/\/kidsempowerment.org\/fr\/wp-json\/wp\/v2\/pages\/186\/revisions\/4883"}],"up":[{"embeddable":true,"href":"https:\/\/kidsempowerment.org\/fr\/wp-json\/wp\/v2\/pages\/3518"}],"wp:attachment":[{"href":"https:\/\/kidsempowerment.org\/fr\/wp-json\/wp\/v2\/media?parent=186"}],"curies":[{"name":"wp","href":"https:\/\/api.w.org\/{rel}","templated":true}]}}