{"id":188,"date":"2017-04-05T10:15:40","date_gmt":"2017-04-05T10:15:40","guid":{"rendered":"http:\/\/www.kidsempowerment.org\/?page_id=188"},"modified":"2021-03-08T16:21:30","modified_gmt":"2021-03-08T16:21:30","slug":"camille-oberkampf","status":"publish","type":"page","link":"https:\/\/kidsempowerment.org\/fr\/about-us\/camille-oberkampf","title":{"rendered":"Camille Oberkampf"},"content":{"rendered":"<div class=\"n module-type-header diyfeLiveArea\"><b>Camille Oberkampf&nbsp;<\/b>est avocate aux barreaux de Paris et de New York. Elle a exerc\u00e9 \u00e0 New York pendant 8 ans avant de rentrer \u00e0 Paris, o\u00f9 elle a install\u00e9 son cabinet. Elle supervise des projets en mati\u00e8re d\u2019Entreprises et droits humains et assiste ses clients en mati\u00e8re de conformit\u00e9 et ou contentieux. Elle a contribu\u00e9 au rapport national de Kids Empowerment couvrant les Etats-Unis et travaille actuellement sur d\u2019autres projets de plaidoyer.<\/div>","protected":false},"excerpt":{"rendered":"<p>Camille Oberkampf&nbsp;is a member of the Paris and New York Bars. She practiced law in New York for 8 years<\/p>","protected":false},"author":58,"featured_media":0,"parent":3518,"menu_order":90,"comment_status":"closed","ping_status":"closed","template":"","meta":{"footnotes":""},"class_list":["post-188","page","type-page","status-publish","hentry"],"acf":[],"_links":{"self":[{"href":"https:\/\/kidsempowerment.org\/fr\/wp-json\/wp\/v2\/pages\/188","targetHints":{"allow":["GET"]}}],"collection":[{"href":"https:\/\/kidsempowerment.org\/fr\/wp-json\/wp\/v2\/pages"}],"about":[{"href":"https:\/\/kidsempowerment.org\/fr\/wp-json\/wp\/v2\/types\/page"}],"author":[{"embeddable":true,"href":"https:\/\/kidsempowerment.org\/fr\/wp-json\/wp\/v2\/users\/58"}],"replies":[{"embeddable":true,"href":"https:\/\/kidsempowerment.org\/fr\/wp-json\/wp\/v2\/comments?post=188"}],"version-history":[{"count":3,"href":"https:\/\/kidsempowerment.org\/fr\/wp-json\/wp\/v2\/pages\/188\/revisions"}],"predecessor-version":[{"id":5245,"href":"https:\/\/kidsempowerment.org\/fr\/wp-json\/wp\/v2\/pages\/188\/revisions\/5245"}],"up":[{"embeddable":true,"href":"https:\/\/kidsempowerment.org\/fr\/wp-json\/wp\/v2\/pages\/3518"}],"wp:attachment":[{"href":"https:\/\/kidsempowerment.org\/fr\/wp-json\/wp\/v2\/media?parent=188"}],"curies":[{"name":"wp","href":"https:\/\/api.w.org\/{rel}","templated":true}]}}