{"id":3518,"date":"2017-03-20T21:18:46","date_gmt":"2017-03-20T21:18:46","guid":{"rendered":"http:\/\/www.kidsempowerment.org\/?page_id=22"},"modified":"2023-11-28T21:40:56","modified_gmt":"2023-11-28T21:40:56","slug":"about-us","status":"publish","type":"page","link":"https:\/\/kidsempowerment.org\/fr\/about-us","title":{"rendered":"A propos de l'organisation"},"content":{"rendered":"<div style=\"height:70px\" aria-hidden=\"true\" id=\"mission-vision\" class=\"wp-block-spacer\"><\/div>\n\n\n\n<h2 class=\"wp-block-heading\" id=\"mission_vission_and_values\">Mission, Vision et Valeurs<\/h2>\n\n\n\n<p>La <b>mission<\/b> de Kids Empowerment est d\u2019assurer la conformit\u00e9 des Etats aux exigences du droit international applicables aux enfants et aux jeunes, notamment \u00e0 la Convention Internationale des Droits de l\u2019Enfant et ses protocoles facultatifs.&nbsp;<strong>mission<\/strong>&nbsp;is to aim at the compliance of states with international law related to children and youth (0-25 year old) and most particularly. The principles of the UN Convention on the Rights of the Child and its Optional Protocols.<\/p>\n\n\n\n<p>Ses objectifs sont la pleine r\u00e9alisation du d\u00e9veloppement et du potentiel des enfants et des jeunes en assurant le respect du droit international et des meilleures pratiques, \u00e0 travers :<\/p>\n\n\n\n<ul class=\"wp-block-list\">\n<li><strong>La facilitation<\/strong>&nbsp;d\u2019activit\u00e9s p\u00e9dagogiques aupr\u00e8s des enfants et des jeunes pour les habiliter et les assister dans l\u2019assertion de leurs droits individuels ;<\/li>\n\n\n\n<li><strong>La sensibilisation<\/strong>&nbsp;du public sur les droits des enfants ;<\/li>\n\n\n\n<li><strong>Le d\u00e9veloppement<\/strong>&nbsp;d\u2019outils et de politiques permettant aux enfants et aux jeunes de prosp\u00e9rer dans leur milieu social ;<\/li>\n\n\n\n<li><strong>La r\u00e9alisation et la publication<\/strong>&nbsp;de recherches et d\u2019\u00e9tudes comparatives, soulignant les meilleures pratiques relatives au traitement des enfants et de la jeunesse ;<\/li>\n\n\n\n<li><strong>La fourniture d\u2019assistance<\/strong>&nbsp;technique aux parties prenantes, visant \u00e0 am\u00e9liorer la conformit\u00e9 au droit international et aux meilleures pratiques ;<\/li>\n\n\n\n<li><strong>Le plaidoyer<\/strong>&nbsp;de probl\u00e8mes concernant les droits des enfants au niveau national et international.<\/li>\n<\/ul>\n\n\n\n<p>Pour mener \u00e0 bien ses activit\u00e9s, l\u2019organisation compte sur la comp\u00e9tence et les connaissances de professionnels du domaine des droits de l\u2019enfant : \u00e9ducateurs, assistants sociaux, avocats, experts en administration publique, et autres.<\/p>\n\n\n\n<p class=\" translation-block\">Kids Empowerment a pour <b>vision<\/b> un monde o\u00f9 la sauvegarde des droits de l\u2019enfant est garantie partout sans discrimination.<\/p>\n\n\n\n<p id=\"what-we-do\"><strong>Les valeurs<\/strong>&nbsp;que Kids Empowerment consid\u00e8re essentielles pour mettre en \u0153uvre cette vision sont l\u2019empowerment, la non-discrimination, les mesures de sauvegarde de l\u2019enfance, la diversit\u00e9 et le respect de l\u2019etat de droit.<\/p>\n\n\n\n<hr class=\"wp-block-separator has-css-opacity is-style-wide\"\/>\n\n\n\n<h2 class=\"wp-block-heading\">Ce que nous faisons<\/h2>\n\n\n\n<p>Lors de sa cr\u00e9ation en 2016, les fondateurs de Kids Empowerment Anna Kurdova, Christophe- Claude Charles-Alfred et Caroline Loussouarn Newman, experts juridiques sp\u00e9cialiste en droits de l\u2019enfant, constataient des d\u00e9ficiences majeures dans la protection des enfants migrants. Les ONG prot\u00e9geant les droits des enfants concern\u00e9s par la mobilit\u00e9 font face \u00e0 un nombre croissant d\u2019enfants migrants. En r\u00e9ponse \u00e0 ce ph\u00e9nom\u00e8ne sans pr\u00e9c\u00e9dent, elles fournissent des secours d\u2019urgence ou des services sociaux ; et sensibilisent le public sur le non-respect des Etats de leurs obligations internationales. Elles ont rarement les ressources ou le temps n\u00e9cessaires pour offrir des solutions concr\u00e8tes, bas\u00e9es sur les besoins r\u00e9els des jeunes ou des pratiques fructueuses. En r\u00e9ponse aux limitations politiques et au manque de coh\u00e9rence juridique au sein des pays d\u2019accueil en conformit\u00e9 avec les droits des enfants migrants, Kids Empowerment vise \u00e0 r\u00e9aliser le d\u00e9veloppement et le potentiel complets de la jeunesse en luttant pour une totale conformit\u00e9 des Etats au droit international et aux meilleures pratiques.<\/p>\n\n\n\n<p id=\"operational-team\">Sur la p\u00e9riode 2016-2020, l\u2019organisation consid\u00e8re que la situation des enfants concern\u00e9s par la mobilit\u00e9 et les jeunes migrants est une probl\u00e9matique grave en Europe et ailleurs. Les droits et principes fondamentaux des enfants, tels qu\u2019ils sont pr\u00e9vus par le droit international, sont souvent bafou\u00e9s. Le manque d\u2019information, de sensibilisation et d\u2019autorit\u00e9s conduit \u00e0 davantage de discrimination et de n\u00e9gligence. Le respect des principes de base \u00e9tablis par le droit international est crucial pour l\u2019\u00e9volution des enfants en citoyens responsables, engag\u00e9s et accomplis. Il est essentiel que toutes les mesures soient prises de fa\u00e7on \u00e0 permettre leur pleine croissance et potentiel, ainsi que leur int\u00e9gration dans un nouveau pays. Tous les projets r\u00e9alis\u00e9s sur cette p\u00e9riode soul\u00e8veront la question des droits des enfants migrants \u00e0 l\u2019\u00e9chelle mondiale.<\/p>\n\n\n\n<hr class=\"wp-block-separator has-css-opacity is-style-wide\"\/>\n\n\n\n<h2 class=\"wp-block-heading\">\u00c9quipe op\u00e9rationnelle<\/h2>\n\n\n\n<p>Martine Fitan \u2013 Comptabilit\u00e9 \u2013 <a href=\"mailto:martine.fitan@kidsempowerment.org\" data-type=\"mailto\" data-id=\"mailto:martine.fitan@kidsempowerment.org\"><img loading=\"lazy\" decoding=\"async\" width=\"25\" height=\"25\" class=\"wp-image-4936\" style=\"width: 25px;\" src=\"https:\/\/kidsempowerment.org\/wp-content\/uploads\/2021\/03\/email-icon-1.png\" alt=\"\" srcset=\"https:\/\/kidsempowerment.org\/wp-content\/uploads\/2021\/03\/email-icon-1.png 640w, https:\/\/kidsempowerment.org\/wp-content\/uploads\/2021\/03\/email-icon-1-300x300.png 300w, https:\/\/kidsempowerment.org\/wp-content\/uploads\/2021\/03\/email-icon-1-150x150.png 150w, https:\/\/kidsempowerment.org\/wp-content\/uploads\/2021\/03\/email-icon-1-12x12.png 12w\" sizes=\"auto, (max-width: 25px) 100vw, 25px\" \/><\/a><\/p>\n\n\n\n<p>Agla\u00e9 Lateur \u2013 Communication R\u00e9seaux Sociaux \u2013 <a href=\"mailto:aglae.lateur@kidsempowerment.org\" data-type=\"mailto\" data-id=\"mailto:tatiana.lizotte@kidsempowerment.org\"><img loading=\"lazy\" decoding=\"async\" width=\"25\" height=\"25\" class=\"wp-image-4936\" style=\"width: 25px;\" src=\"https:\/\/kidsempowerment.org\/wp-content\/uploads\/2021\/03\/email-icon-1.png\" alt=\"\" srcset=\"https:\/\/kidsempowerment.org\/wp-content\/uploads\/2021\/03\/email-icon-1.png 640w, https:\/\/kidsempowerment.org\/wp-content\/uploads\/2021\/03\/email-icon-1-300x300.png 300w, https:\/\/kidsempowerment.org\/wp-content\/uploads\/2021\/03\/email-icon-1-150x150.png 150w, https:\/\/kidsempowerment.org\/wp-content\/uploads\/2021\/03\/email-icon-1-12x12.png 12w\" sizes=\"auto, (max-width: 25px) 100vw, 25px\" \/><\/a><\/p>\n\n\n\n<p>Tatiana Lizote \u2013 Web Design \u2013 <a href=\"mailto:tatiana.lizotte@kidsempowerment.org\" data-type=\"mailto\" data-id=\"mailto:tatiana.lizotte@kidsempowerment.org\"><img loading=\"lazy\" decoding=\"async\" width=\"25\" height=\"25\" class=\"wp-image-4936\" style=\"width: 25px;\" src=\"https:\/\/kidsempowerment.org\/wp-content\/uploads\/2021\/03\/email-icon-1.png\" alt=\"\" srcset=\"https:\/\/kidsempowerment.org\/wp-content\/uploads\/2021\/03\/email-icon-1.png 640w, https:\/\/kidsempowerment.org\/wp-content\/uploads\/2021\/03\/email-icon-1-300x300.png 300w, https:\/\/kidsempowerment.org\/wp-content\/uploads\/2021\/03\/email-icon-1-150x150.png 150w, https:\/\/kidsempowerment.org\/wp-content\/uploads\/2021\/03\/email-icon-1-12x12.png 12w\" sizes=\"auto, (max-width: 25px) 100vw, 25px\" \/><\/a><\/p>\n\n\n\n<p><a href=\"https:\/\/kidsempowerment.org\/fr\/about-us\/caroline-newman\/\" data-type=\"URL\" data-id=\"https:\/\/kidsempowerment.org\/about-us\/caroline-newman\">Caroline Newman<\/a> \u2013 Sauvegarde Enfance, Recherche &amp; E-Learning \u2013<a href=\"mailto:caroline.newman@kidsempowerment.org\" data-type=\"mailto\" data-id=\"mailto:caroline.newman@kidsempowerment.org\"><img loading=\"lazy\" decoding=\"async\" width=\"25\" height=\"25\" class=\"wp-image-4936\" style=\"width: 25px;\" src=\"https:\/\/kidsempowerment.org\/wp-content\/uploads\/2021\/03\/email-icon-1.png\" alt=\"\" srcset=\"https:\/\/kidsempowerment.org\/wp-content\/uploads\/2021\/03\/email-icon-1.png 640w, https:\/\/kidsempowerment.org\/wp-content\/uploads\/2021\/03\/email-icon-1-300x300.png 300w, https:\/\/kidsempowerment.org\/wp-content\/uploads\/2021\/03\/email-icon-1-150x150.png 150w, https:\/\/kidsempowerment.org\/wp-content\/uploads\/2021\/03\/email-icon-1-12x12.png 12w\" sizes=\"auto, (max-width: 25px) 100vw, 25px\" \/><\/a><\/p>\n\n\n\n<p>Maximilian Newman \u2013 Maintenance Web \u2013 <a href=\"mailto:maximilian.newman@kidsempowerment.org\" data-type=\"mailto\" data-id=\"mailto:maximilian.newman@kidsempowerment.org\"><img loading=\"lazy\" decoding=\"async\" width=\"25\" height=\"25\" class=\"wp-image-4936\" style=\"width: 25px;\" src=\"https:\/\/kidsempowerment.org\/wp-content\/uploads\/2021\/03\/email-icon-1.png\" alt=\"\" srcset=\"https:\/\/kidsempowerment.org\/wp-content\/uploads\/2021\/03\/email-icon-1.png 640w, https:\/\/kidsempowerment.org\/wp-content\/uploads\/2021\/03\/email-icon-1-300x300.png 300w, https:\/\/kidsempowerment.org\/wp-content\/uploads\/2021\/03\/email-icon-1-150x150.png 150w, https:\/\/kidsempowerment.org\/wp-content\/uploads\/2021\/03\/email-icon-1-12x12.png 12w\" sizes=\"auto, (max-width: 25px) 100vw, 25px\" \/><\/a><\/p>\n\n\n\n<p>Kieran McTague \u2013 Youth Empowerment  \u2013 <a href=\"mailto:kieran.mctague@kidsempowerment.org\" data-type=\"mailto\" data-id=\"mailto:kieran.mctague@kidsempowerment.org\"><img loading=\"lazy\" decoding=\"async\" width=\"25\" height=\"25\" class=\"wp-image-4936\" style=\"width: 25px;\" src=\"https:\/\/kidsempowerment.org\/wp-content\/uploads\/2021\/03\/email-icon-1.png\" alt=\"\" srcset=\"https:\/\/kidsempowerment.org\/wp-content\/uploads\/2021\/03\/email-icon-1.png 640w, https:\/\/kidsempowerment.org\/wp-content\/uploads\/2021\/03\/email-icon-1-300x300.png 300w, https:\/\/kidsempowerment.org\/wp-content\/uploads\/2021\/03\/email-icon-1-150x150.png 150w, https:\/\/kidsempowerment.org\/wp-content\/uploads\/2021\/03\/email-icon-1-12x12.png 12w\" sizes=\"auto, (max-width: 25px) 100vw, 25px\" \/><\/a><\/p>\n\n\n\n<hr class=\"wp-block-separator has-css-opacity is-style-wide\"\/>\n\n\n\n<h2 class=\"wp-block-heading\">Experts juridiques<\/h2>\n\n\n\n<p><a href=\"https:\/\/kidsempowerment.org\/fr\/about-us\/luciana-apicella\/\" data-type=\"page\" data-id=\"176\">Luciana Apicella<\/a><\/p>\n\n\n\n<p><a href=\"https:\/\/kidsempowerment.org\/fr\/about-us\/rosa-m-arcuri\/\" data-type=\"page\" data-id=\"138\">Rosa M. Arcuri<\/a><\/p>\n\n\n\n<p><a href=\"https:\/\/kidsempowerment.org\/fr\/about-us\/nyea-mary-magdalene-buam\/\" data-type=\"page\" data-id=\"399\">Nyea Mary Magdalene Buam<\/a><\/p>\n\n\n\n<p><a href=\"https:\/\/kidsempowerment.org\/fr\/about-us\/anisa-mahmoudi\/\" data-type=\"page\" data-id=\"984\">Anisa Mahmoudi<\/a><\/p>\n\n\n\n<p><a href=\"https:\/\/kidsempowerment.org\/fr\/about-us\/dr-christophe-claude-charles-alfred\/\" data-type=\"page\" data-id=\"3527\">Christophe-Claude Charles-Alfred<\/a><\/p>\n\n\n\n<p><a href=\"https:\/\/kidsempowerment.org\/fr\/about-us\/anna-kurdova\/\" data-type=\"URL\" data-id=\"https:\/\/kidsempowerment.org\/about-us\/anna-kurdova\">Anna Kurdova<\/a><\/p>\n\n\n\n<p><a href=\"https:\/\/kidsempowerment.org\/fr\/about-us\/caroline-newman\/\" data-type=\"URL\" data-id=\"https:\/\/kidsempowerment.org\/about-us\/caroline-newman\">Caroline Newman<\/a><\/p>\n\n\n\n<p><a href=\"https:\/\/kidsempowerment.org\/fr\/camille-oberkampf\/\" data-type=\"page\" data-id=\"188\">Camille Oberkampf<\/a><\/p>\n\n\n\n<p id=\"board-members\"><a href=\"https:\/\/kidsempowerment.org\/fr\/alice-ouaknine\/\" data-type=\"page\" data-id=\"1591\">Alice Ouaknine<\/a><\/p>\n\n\n\n<hr class=\"wp-block-separator has-css-opacity is-style-wide\"\/>\n\n\n\n<h2 class=\"wp-block-heading\">Membres du conseil d\u2019administration<\/h2>\n\n\n\n<p><a href=\"https:\/\/kidsempowerment.org\/fr\/about-us\/dr-christophe-claude-charles-alfred\/\" data-type=\"page\" data-id=\"3527\">Christophe-Claude Charles-Alfred<\/a>&nbsp;\u2013&nbsp;<em>Co-fondateur et Pr\u00e9sident par Interim<\/em>  \u2013 <a href=\"mailto:christophe.charles.alfred@kidsempowerment.org\" data-type=\"mailto\" data-id=\"mailto:christophe.charles.alfred@kidsempowerment.org\"><img loading=\"lazy\" decoding=\"async\" width=\"25\" height=\"25\" class=\"wp-image-4936\" style=\"width: 25px;\" src=\"https:\/\/kidsempowerment.org\/wp-content\/uploads\/2021\/03\/email-icon-1.png\" alt=\"\" srcset=\"https:\/\/kidsempowerment.org\/wp-content\/uploads\/2021\/03\/email-icon-1.png 640w, https:\/\/kidsempowerment.org\/wp-content\/uploads\/2021\/03\/email-icon-1-300x300.png 300w, https:\/\/kidsempowerment.org\/wp-content\/uploads\/2021\/03\/email-icon-1-150x150.png 150w, https:\/\/kidsempowerment.org\/wp-content\/uploads\/2021\/03\/email-icon-1-12x12.png 12w\" sizes=\"auto, (max-width: 25px) 100vw, 25px\" \/><\/a><\/p>\n\n\n\n<p>Martine Fitan \u2013 <em>Tr\u00e9sori\u00e8re<\/em> \u2013 <a href=\"mailto:martine.fitan@kidsempowerment.org\"><img loading=\"lazy\" decoding=\"async\" width=\"25\" height=\"25\" class=\"wp-image-4935\" style=\"width: 25px;\" src=\"https:\/\/kidsempowerment.org\/wp-content\/uploads\/2021\/03\/email-icon.png\" alt=\"\" srcset=\"https:\/\/kidsempowerment.org\/wp-content\/uploads\/2021\/03\/email-icon.png 640w, https:\/\/kidsempowerment.org\/wp-content\/uploads\/2021\/03\/email-icon-300x300.png 300w, https:\/\/kidsempowerment.org\/wp-content\/uploads\/2021\/03\/email-icon-150x150.png 150w, https:\/\/kidsempowerment.org\/wp-content\/uploads\/2021\/03\/email-icon-12x12.png 12w\" sizes=\"auto, (max-width: 25px) 100vw, 25px\" \/><\/a><\/p>\n\n\n\n<p>Caroline Newman \u2013 Co-fondateur \u2013 <a href=\"mailto:caroline.newman@kidsempowerment.org\" data-type=\"mailto\" data-id=\"mailto:christophe.charles.alfred@kidsempowerment.org\"><img loading=\"lazy\" decoding=\"async\" width=\"25\" height=\"25\" class=\"wp-image-4936\" style=\"width: 25px;\" src=\"https:\/\/kidsempowerment.org\/wp-content\/uploads\/2021\/03\/email-icon-1.png\" alt=\"\" srcset=\"https:\/\/kidsempowerment.org\/wp-content\/uploads\/2021\/03\/email-icon-1.png 640w, https:\/\/kidsempowerment.org\/wp-content\/uploads\/2021\/03\/email-icon-1-300x300.png 300w, https:\/\/kidsempowerment.org\/wp-content\/uploads\/2021\/03\/email-icon-1-150x150.png 150w, https:\/\/kidsempowerment.org\/wp-content\/uploads\/2021\/03\/email-icon-1-12x12.png 12w\" sizes=\"auto, (max-width: 25px) 100vw, 25px\" \/><\/a><\/p>\n\n\n\n<hr class=\"wp-block-separator has-css-opacity is-style-wide\"\/>\n\n\n\n<h2 class=\"wp-block-heading\">Documents statutaires<\/h2>\n\n\n\n<p><a rel=\"noreferrer noopener\" href=\"https:\/\/kidsempowerment.org\/wp-content\/uploads\/2021\/03\/Statuts-kids-empowerment-22-avril-2017.pdf\" target=\"_blank\">Statuts<\/a>&nbsp;.<\/p>\n\n\n\n<p><a rel=\"noreferrer noopener\" href=\"https:\/\/kidsempowerment.org\/wp-content\/uploads\/2021\/03\/Re\u0300glement-inte\u0301rieur-1.pdf\" data-type=\"URL\" data-id=\"https:\/\/kidsempowerment.org\/wp-content\/uploads\/2021\/03\/Re\u0300glement-inte\u0301rieur-1.pdf\" target=\"_blank\">by-laws<\/a>&nbsp;.<\/p>\n\n\n\n<p><a href=\"https:\/\/kidsempowerment.org\/wp-content\/uploads\/2021\/03\/CodeOfConduct_EN.pdf\" target=\"_blank\" rel=\"noreferrer noopener\">Code de Conduite<\/a><\/p>\n\n\n\n<p><a href=\"https:\/\/kidsempowerment.org\/wp-content\/uploads\/2021\/03\/AR_2016_FR.pdf\" target=\"_blank\" rel=\"noreferrer noopener\">Rapport Annuel 2016<\/a><\/p>\n\n\n\n<p><a href=\"https:\/\/kidsempowerment.org\/wp-content\/uploads\/2021\/03\/Rapport-annuel-2017-version-FR.pdf\" target=\"_blank\" rel=\"noreferrer noopener\">Rapport Annuel 2017<\/a><\/p>\n\n\n\n<p><a rel=\"noreferrer noopener\" href=\"https:\/\/kidsempowerment.org\/wp-content\/uploads\/2021\/03\/2018-Annual-Report.pdf\" target=\"_blank\">Rapport Annuel 2018 (uniquement en anglais)<\/a> <\/p>\n\n\n\n<p><a href=\"https:\/\/kidsempowerment.org\/wp-content\/uploads\/2021\/03\/Annual-Report-2019.pdf\" target=\"_blank\" rel=\"noreferrer noopener\">Rapport Annuel 2019 (uniquement en anglais)<\/a> <\/p>\n\n\n\n<p><a rel=\"noreferrer noopener\" href=\"https:\/\/kidsempowerment.org\/wp-content\/uploads\/2022\/06\/Rapport-annuel-2020-version-FR.pdf\" target=\"_blank\">Annual Report 2020<\/a> .<\/p>\n\n\n\n<p><a rel=\"noreferrer noopener\" href=\"https:\/\/kidsempowerment.org\/wp-content\/uploads\/2022\/06\/Rapport-annuel-2021-version-FR.pdf\" target=\"_blank\">Annual Report 2021<\/a> .<\/p>","protected":false},"excerpt":{"rendered":"<p>Mission, Vision and Values Kids Empowerment\u2019s&nbsp;mission&nbsp;is to aim at the compliance of states with international law related to children and<\/p>","protected":false},"author":58,"featured_media":0,"parent":0,"menu_order":1,"comment_status":"closed","ping_status":"closed","template":"","meta":{"footnotes":""},"class_list":["post-3518","page","type-page","status-publish","hentry"],"acf":[],"_links":{"self":[{"href":"https:\/\/kidsempowerment.org\/fr\/wp-json\/wp\/v2\/pages\/3518","targetHints":{"allow":["GET"]}}],"collection":[{"href":"https:\/\/kidsempowerment.org\/fr\/wp-json\/wp\/v2\/pages"}],"about":[{"href":"https:\/\/kidsempowerment.org\/fr\/wp-json\/wp\/v2\/types\/page"}],"author":[{"embeddable":true,"href":"https:\/\/kidsempowerment.org\/fr\/wp-json\/wp\/v2\/users\/58"}],"replies":[{"embeddable":true,"href":"https:\/\/kidsempowerment.org\/fr\/wp-json\/wp\/v2\/comments?post=3518"}],"version-history":[{"count":77,"href":"https:\/\/kidsempowerment.org\/fr\/wp-json\/wp\/v2\/pages\/3518\/revisions"}],"predecessor-version":[{"id":6909,"href":"https:\/\/kidsempowerment.org\/fr\/wp-json\/wp\/v2\/pages\/3518\/revisions\/6909"}],"wp:attachment":[{"href":"https:\/\/kidsempowerment.org\/fr\/wp-json\/wp\/v2\/media?parent=3518"}],"curies":[{"name":"wp","href":"https:\/\/api.w.org\/{rel}","templated":true}]}}