{"id":3527,"date":"2017-04-05T10:17:21","date_gmt":"2017-04-05T10:17:21","guid":{"rendered":"http:\/\/www.kidsempowerment.org\/?page_id=194"},"modified":"2021-03-08T16:05:27","modified_gmt":"2021-03-08T16:05:27","slug":"dr-christophe-claude-charles-alfred","status":"publish","type":"page","link":"https:\/\/kidsempowerment.org\/fr\/about-us\/dr-christophe-claude-charles-alfred","title":{"rendered":"Dr. Christophe-Claude Charles-Alfred"},"content":{"rendered":"<p><span style=\"font-size: inherit;\">Il est expert juridique en Droits de l\u2019Homme, et notamment en Droit de l\u2019Enfant et en justice transitionnelle. Il est conseiller juridique en droit social et en int\u00e9gration des \u00e9trangers. Depuis les dix derni\u00e8res ann\u00e9es, il coordonne de nombreux projets en soulevant les probl\u00e8mes juridiques, \u00e9ducationnels, sociaux, environnementaux et culturels. Ces projets incluent des travaux sur le terrain, notamment en tant qu\u2019observateur \u00e9lectoral avec NDI et RON (R\u00e9seau des Observateurs Nationaux) \u00e0 Ha\u00efti et en RDC, o\u00f9 il a \u00e9t\u00e9 Assistant au Directeur du Centre International de Justice Transitionnel (CIJT). Il a une exp\u00e9rience \u00e9tendue de travail avec les enfants et les jeunes. Pendant son mandat de conseiller aux droits des enfants \u00e0 Terre des Hommes France, il a contribu\u00e9 \u00e0 la cr\u00e9ation du groupe de jeunesse de l\u2019organisation (\u00ab\u00a0Jeunes Deters\u00a0\u00bb). Il a \u00e9t\u00e9 Professeur de Droit \u00e0 la Facult\u00e9 de Droit de Martinique entre 2008-2011 et 2013-2014. Il est Coordinateur de la Campagne \u00ab\u00a0Destination Unknown Campaign\u00a0\u00bb pour Terre des Hommes France.\nIl a un Doctorat en Droit International Public.<\/span><\/p>\n<div class=\"n module-type-text diyfeLiveArea\">\n<p>Il a un Doctorat en Droit International Public.<\/p>\n<p>Contact :\u00a0<a href=\"mailto:christophe.charles.alfred@kidsempowerment.org\" target=\"_self\" rel=\"noopener noreferrer\">christophe.charles.alfred@kidsempowerment.org<\/a><\/p>\n<\/div>\n<div class=\"n module-type-header diyfeLiveArea\"><\/div>\n<div class=\"n module-type-header diyfeLiveArea\"><\/div>","protected":false},"excerpt":{"rendered":"<p>He is a legal expert in Human Rights law, notably Child\u2019s rights and transitional justice. He is a legal consultant<\/p>","protected":false},"author":58,"featured_media":0,"parent":3518,"menu_order":20,"comment_status":"closed","ping_status":"closed","template":"","meta":{"footnotes":""},"class_list":["post-3527","page","type-page","status-publish","hentry"],"acf":[],"_links":{"self":[{"href":"https:\/\/kidsempowerment.org\/fr\/wp-json\/wp\/v2\/pages\/3527","targetHints":{"allow":["GET"]}}],"collection":[{"href":"https:\/\/kidsempowerment.org\/fr\/wp-json\/wp\/v2\/pages"}],"about":[{"href":"https:\/\/kidsempowerment.org\/fr\/wp-json\/wp\/v2\/types\/page"}],"author":[{"embeddable":true,"href":"https:\/\/kidsempowerment.org\/fr\/wp-json\/wp\/v2\/users\/58"}],"replies":[{"embeddable":true,"href":"https:\/\/kidsempowerment.org\/fr\/wp-json\/wp\/v2\/comments?post=3527"}],"version-history":[{"count":4,"href":"https:\/\/kidsempowerment.org\/fr\/wp-json\/wp\/v2\/pages\/3527\/revisions"}],"predecessor-version":[{"id":5244,"href":"https:\/\/kidsempowerment.org\/fr\/wp-json\/wp\/v2\/pages\/3527\/revisions\/5244"}],"up":[{"embeddable":true,"href":"https:\/\/kidsempowerment.org\/fr\/wp-json\/wp\/v2\/pages\/3518"}],"wp:attachment":[{"href":"https:\/\/kidsempowerment.org\/fr\/wp-json\/wp\/v2\/media?parent=3527"}],"curies":[{"name":"wp","href":"https:\/\/api.w.org\/{rel}","templated":true}]}}