{"id":3530,"date":"2017-04-06T13:55:39","date_gmt":"2017-04-06T13:55:39","guid":{"rendered":"http:\/\/www.kidsempowerment.org\/?page_id=326"},"modified":"2023-05-31T14:26:59","modified_gmt":"2023-05-31T14:26:59","slug":"ressources","status":"publish","type":"page","link":"https:\/\/kidsempowerment.org\/fr\/ressources","title":{"rendered":"Publications"},"content":{"rendered":"<h1 class=\"wp-block-heading\">Publications de Kidsempowerment<\/h1>\n\n\n\n<div class=\"n module-type-header diyfeLiveArea\">&nbsp;<\/div>\n\n\n\n<h2 class=\"wp-block-heading\" id=\"country-reports\">Rapports Pays sur la R\u00e9ception des Mineurs Non-Accompagn\u00e9s<\/h2>\n\n\n\n<p>Nos rapports pays couvrent les sujets suivents:<\/p>\n\n\n\n<ol class=\"wp-block-list\">\n<li>Le respect des droits fondamentaux des enfants (acc\u00e8s \u00e0 l\u2019\u00e9ducation, \u00e0 la sant\u00e9, au logement, au droit d\u2019\u00eatre entendu\u2026) sans discrimination ;<\/li>\n\n\n\n<li>L\u2019acc\u00e8s des enfants \u00e0 la justice \/ l\u2019information ;<\/li>\n\n\n\n<li>Si l\u2019enfant est principalement consid\u00e9r\u00e9 comme un enfant ou un migrant ;<\/li>\n\n\n\n<li>S\u2019il existe de proc\u00e9dures sp\u00e9ciales pour un enfant qui demande une protection internationale (proc\u00e9dure acc\u00e9l\u00e9r\u00e9e\u2026) ;<\/li>\n\n\n\n<li>Conditions in reception centers: compliance with child protection minimum standards (separated from adults?\u2026 detention?);<\/li>\n\n\n\n<li>Les principes en mati\u00e8re de r\u00e9unification des familles \/ non-s\u00e9paration ;<\/li>\n\n\n\n<li>L\u2019estimation de l\u2019\u00e2ge \/ proc\u00e9dure d\u2019identification ;<\/li>\n\n\n\n<li>La tutelle ;<\/li>\n\n\n\n<li>S\u2019il existe des mesures sp\u00e9cifiques de lutte contre l\u2019abus, la violence, l\u2019exploitation et le trafic ;<\/li>\n\n\n\n<li>La d\u00e9portation \/ les retours automatiques ;<\/li>\n\n\n\n<li>Comment les int\u00e9r\u00eats de l\u2019enfant sont pris en compte pendant toute la dur\u00e9e de la proc\u00e9dure ;<\/li>\n\n\n\n<li>Si le point de vue de l\u2019enfant est pris en compte dans le processus d\u00e9cisionnel ;<\/li>\n\n\n\n<li>Si l\u2019\u00e2ge de l\u2019enfant affecte son \u00e9ligibilit\u00e9 \u00e0 acc\u00e9der \u00e0 certains services ;<\/li>\n\n\n\n<li>Le statut de l\u2019enfant quand il \/ elle aura 18 ans.<\/li>\n<\/ol>\n\n\n\n<div class=\"wp-block-group\"><div class=\"wp-block-group__inner-container is-layout-flow wp-block-group-is-layout-flow\">\n<div class=\"wp-block-columns alignwide is-layout-flex wp-container-core-columns-is-layout-9d6595d7 wp-block-columns-is-layout-flex\">\n<div class=\"wp-block-column is-layout-flow wp-block-column-is-layout-flow\" style=\"flex-basis:100%\">\n<div class=\"wp-block-columns are-vertically-aligned-bottom is-layout-flex wp-container-core-columns-is-layout-9d6595d7 wp-block-columns-is-layout-flex\">\n<div class=\"wp-block-column is-vertically-aligned-bottom is-layout-flow wp-block-column-is-layout-flow\" style=\"flex-basis:100%\">\n<div class=\"wp-block-columns is-layout-flex wp-container-core-columns-is-layout-9d6595d7 wp-block-columns-is-layout-flex\">\n<div class=\"wp-block-column is-layout-flow wp-block-column-is-layout-flow\" style=\"flex-basis:100%\">\n<div class=\"wp-block-group\"><div class=\"wp-block-group__inner-container is-layout-flow wp-block-group-is-layout-flow\">\n<p><sub><img loading=\"lazy\" decoding=\"async\" width=\"20\" height=\"14\" class=\"wp-image-5087\" style=\"width: 20px;\" src=\"https:\/\/kidsempowerment.org\/wp-content\/uploads\/2021\/03\/br.png\" alt=\"\" srcset=\"https:\/\/kidsempowerment.org\/wp-content\/uploads\/2021\/03\/br.png 1160w, https:\/\/kidsempowerment.org\/wp-content\/uploads\/2021\/03\/br-300x210.png 300w, https:\/\/kidsempowerment.org\/wp-content\/uploads\/2021\/03\/br-1024x717.png 1024w, https:\/\/kidsempowerment.org\/wp-content\/uploads\/2021\/03\/br-768x538.png 768w, https:\/\/kidsempowerment.org\/wp-content\/uploads\/2021\/03\/br-16x12.png 16w, https:\/\/kidsempowerment.org\/wp-content\/uploads\/2021\/03\/br-392x272.png 392w, https:\/\/kidsempowerment.org\/wp-content\/uploads\/2021\/03\/br-130x90.png 130w, https:\/\/kidsempowerment.org\/wp-content\/uploads\/2021\/03\/br-272x182.png 272w\" sizes=\"auto, (max-width: 20px) 100vw, 20px\" \/><\/sub> <a rel=\"noreferrer noopener\" href=\"https:\/\/kidsempowerment.org\/wp-content\/uploads\/2021\/03\/Kids-Empowerment-Brazil-Mattos-Filho.pdf\" target=\"_blank\">Br\u00e9sil<\/a><\/p>\n\n\n\n<p><img loading=\"lazy\" decoding=\"async\" width=\"20\" height=\"13\" class=\"wp-image-6898\" style=\"width: 20px;\" src=\"https:\/\/kidsempowerment.org\/wp-content\/uploads\/2023\/05\/Flag_of_Cameroon.png\" alt=\"\" srcset=\"https:\/\/kidsempowerment.org\/wp-content\/uploads\/2023\/05\/Flag_of_Cameroon.png 2560w, https:\/\/kidsempowerment.org\/wp-content\/uploads\/2023\/05\/Flag_of_Cameroon-300x200.png 300w, https:\/\/kidsempowerment.org\/wp-content\/uploads\/2023\/05\/Flag_of_Cameroon-1024x683.png 1024w, https:\/\/kidsempowerment.org\/wp-content\/uploads\/2023\/05\/Flag_of_Cameroon-768x512.png 768w, https:\/\/kidsempowerment.org\/wp-content\/uploads\/2023\/05\/Flag_of_Cameroon-1536x1024.png 1536w, https:\/\/kidsempowerment.org\/wp-content\/uploads\/2023\/05\/Flag_of_Cameroon-2048x1366.png 2048w, https:\/\/kidsempowerment.org\/wp-content\/uploads\/2023\/05\/Flag_of_Cameroon-18x12.png 18w, https:\/\/kidsempowerment.org\/wp-content\/uploads\/2023\/05\/Flag_of_Cameroon-392x272.png 392w, https:\/\/kidsempowerment.org\/wp-content\/uploads\/2023\/05\/Flag_of_Cameroon-130x90.png 130w, https:\/\/kidsempowerment.org\/wp-content\/uploads\/2023\/05\/Flag_of_Cameroon-272x182.png 272w\" sizes=\"auto, (max-width: 20px) 100vw, 20px\" \/> <a href=\"https:\/\/kidsempowerment.org\/wp-content\/uploads\/2023\/05\/Reception-of-Migrant-Children-in-Cameroon.pdf\" data-type=\"URL\" data-id=\"https:\/\/kidsempowerment.org\/wp-content\/uploads\/2023\/05\/Reception-of-Migrant-Children-in-Cameroon.pdf\" target=\"_blank\" rel=\"noreferrer noopener\">Cameroun<\/a><\/p>\n\n\n\n<p><sub><img loading=\"lazy\" decoding=\"async\" width=\"20\" height=\"14\" class=\"wp-image-5089\" style=\"width: 20px;\" src=\"https:\/\/kidsempowerment.org\/wp-content\/uploads\/2021\/03\/cz.jpeg\" alt=\"\" srcset=\"https:\/\/kidsempowerment.org\/wp-content\/uploads\/2021\/03\/cz.jpeg 894w, https:\/\/kidsempowerment.org\/wp-content\/uploads\/2021\/03\/cz-300x203.jpeg 300w, https:\/\/kidsempowerment.org\/wp-content\/uploads\/2021\/03\/cz-768x519.jpeg 768w, https:\/\/kidsempowerment.org\/wp-content\/uploads\/2021\/03\/cz-16x12.jpeg 16w, https:\/\/kidsempowerment.org\/wp-content\/uploads\/2021\/03\/cz-392x272.jpeg 392w, https:\/\/kidsempowerment.org\/wp-content\/uploads\/2021\/03\/cz-130x90.jpeg 130w, https:\/\/kidsempowerment.org\/wp-content\/uploads\/2021\/03\/cz-272x182.jpeg 272w\" sizes=\"auto, (max-width: 20px) 100vw, 20px\" \/><\/sub><a rel=\"noreferrer noopener\" href=\"https:\/\/kidsempowerment.org\/wp-content\/uploads\/2021\/03\/ReceptionOfChildrenOnTheMove_Czech_2017.pdf\" target=\"_blank\"> R\u00e9publique Tch\u00e8que<\/a><\/p>\n\n\n\n<p><sub><img loading=\"lazy\" decoding=\"async\" width=\"20\" height=\"12\" class=\"wp-image-5091\" style=\"width: 20px;\" src=\"https:\/\/kidsempowerment.org\/wp-content\/uploads\/2021\/03\/fi.jpeg\" alt=\"\" srcset=\"https:\/\/kidsempowerment.org\/wp-content\/uploads\/2021\/03\/fi.jpeg 984w, https:\/\/kidsempowerment.org\/wp-content\/uploads\/2021\/03\/fi-300x184.jpeg 300w, https:\/\/kidsempowerment.org\/wp-content\/uploads\/2021\/03\/fi-768x471.jpeg 768w, https:\/\/kidsempowerment.org\/wp-content\/uploads\/2021\/03\/fi-16x10.jpeg 16w, https:\/\/kidsempowerment.org\/wp-content\/uploads\/2021\/03\/fi-390x205.jpeg 390w, https:\/\/kidsempowerment.org\/wp-content\/uploads\/2021\/03\/fi-800x445.jpeg 800w, https:\/\/kidsempowerment.org\/wp-content\/uploads\/2021\/03\/fi-272x182.jpeg 272w\" sizes=\"auto, (max-width: 20px) 100vw, 20px\" \/><\/sub> <a rel=\"noreferrer noopener\" href=\"https:\/\/kidsempowerment.org\/wp-content\/uploads\/2021\/03\/KE_Country-Report_Finland-1.pdf\" target=\"_blank\">Finlande<\/a><\/p>\n\n\n\n<p><sub><img loading=\"lazy\" decoding=\"async\" width=\"20\" height=\"13\" class=\"wp-image-5296\" style=\"width: 20px;\" src=\"https:\/\/kidsempowerment.org\/wp-content\/uploads\/2021\/03\/italy-flag-png-large.jpg\" alt=\"\" srcset=\"https:\/\/kidsempowerment.org\/wp-content\/uploads\/2021\/03\/italy-flag-png-large.jpg 1000w, https:\/\/kidsempowerment.org\/wp-content\/uploads\/2021\/03\/italy-flag-png-large-300x200.jpg 300w, https:\/\/kidsempowerment.org\/wp-content\/uploads\/2021\/03\/italy-flag-png-large-768x512.jpg 768w, https:\/\/kidsempowerment.org\/wp-content\/uploads\/2021\/03\/italy-flag-png-large-392x272.jpg 392w, https:\/\/kidsempowerment.org\/wp-content\/uploads\/2021\/03\/italy-flag-png-large-130x90.jpg 130w, https:\/\/kidsempowerment.org\/wp-content\/uploads\/2021\/03\/italy-flag-png-large-272x182.jpg 272w\" sizes=\"auto, (max-width: 20px) 100vw, 20px\" \/><\/sub> <a rel=\"noreferrer noopener\" href=\"https:\/\/kidsempowerment.org\/wp-content\/uploads\/2021\/03\/ReceptionOfChildrenOnTheMove_Italy_201702.pdf\" target=\"_blank\">Italie (F\u00e9v. 2017)<\/a><\/p>\n\n\n\n<p><sub><img loading=\"lazy\" decoding=\"async\" width=\"20\" height=\"13\" class=\"wp-image-5296\" style=\"width: 20px;\" src=\"https:\/\/kidsempowerment.org\/wp-content\/uploads\/2021\/03\/italy-flag-png-large.jpg\" alt=\"\" srcset=\"https:\/\/kidsempowerment.org\/wp-content\/uploads\/2021\/03\/italy-flag-png-large.jpg 1000w, https:\/\/kidsempowerment.org\/wp-content\/uploads\/2021\/03\/italy-flag-png-large-300x200.jpg 300w, https:\/\/kidsempowerment.org\/wp-content\/uploads\/2021\/03\/italy-flag-png-large-768x512.jpg 768w, https:\/\/kidsempowerment.org\/wp-content\/uploads\/2021\/03\/italy-flag-png-large-392x272.jpg 392w, https:\/\/kidsempowerment.org\/wp-content\/uploads\/2021\/03\/italy-flag-png-large-130x90.jpg 130w, https:\/\/kidsempowerment.org\/wp-content\/uploads\/2021\/03\/italy-flag-png-large-272x182.jpg 272w\" sizes=\"auto, (max-width: 20px) 100vw, 20px\" \/><\/sub> <a rel=\"noreferrer noopener\" href=\"https:\/\/kidsempowerment.org\/wp-content\/uploads\/2021\/03\/NEW_ReceptionOfChildrenOnTheMove_Italy_201707.pdf\" target=\"_blank\">Italie (2eme edition, Oct. 2017)<\/a><\/p>\n\n\n\n<p><sub><img loading=\"lazy\" decoding=\"async\" width=\"20\" height=\"11\" class=\"wp-image-5297\" style=\"width: 20px;\" src=\"https:\/\/kidsempowerment.org\/wp-content\/uploads\/2021\/03\/flag-800.png\" alt=\"\" srcset=\"https:\/\/kidsempowerment.org\/wp-content\/uploads\/2021\/03\/flag-800.png 800w, https:\/\/kidsempowerment.org\/wp-content\/uploads\/2021\/03\/flag-800-300x171.png 300w, https:\/\/kidsempowerment.org\/wp-content\/uploads\/2021\/03\/flag-800-768x438.png 768w, https:\/\/kidsempowerment.org\/wp-content\/uploads\/2021\/03\/flag-800-16x9.png 16w, https:\/\/kidsempowerment.org\/wp-content\/uploads\/2021\/03\/flag-800-390x205.png 390w\" sizes=\"auto, (max-width: 20px) 100vw, 20px\" \/><\/sub><a rel=\"noreferrer noopener\" href=\"https:\/\/kidsempowerment.org\/wp-content\/uploads\/2021\/03\/Mexico.pdf\" target=\"_blank\"> <\/a><a rel=\"noreferrer noopener\" href=\"https:\/\/kidsempowerment.org\/wp-content\/uploads\/2021\/03\/Mexico.pdf\" target=\"_blank\">Mexique<\/a><\/p>\n\n\n\n<p id=\"flag-detail\"><sub><img loading=\"lazy\" decoding=\"async\" width=\"20\" height=\"13\" class=\"wp-image-5298\" style=\"width: 20px;\" src=\"https:\/\/kidsempowerment.org\/wp-content\/uploads\/2021\/03\/poland-flag-png-xl.jpg\" alt=\"\" srcset=\"https:\/\/kidsempowerment.org\/wp-content\/uploads\/2021\/03\/poland-flag-png-xl.jpg 1024w, https:\/\/kidsempowerment.org\/wp-content\/uploads\/2021\/03\/poland-flag-png-xl-300x188.jpg 300w, https:\/\/kidsempowerment.org\/wp-content\/uploads\/2021\/03\/poland-flag-png-xl-768x481.jpg 768w, https:\/\/kidsempowerment.org\/wp-content\/uploads\/2021\/03\/poland-flag-png-xl-16x10.jpg 16w, https:\/\/kidsempowerment.org\/wp-content\/uploads\/2021\/03\/poland-flag-png-xl-392x272.jpg 392w, https:\/\/kidsempowerment.org\/wp-content\/uploads\/2021\/03\/poland-flag-png-xl-130x90.jpg 130w, https:\/\/kidsempowerment.org\/wp-content\/uploads\/2021\/03\/poland-flag-png-xl-272x182.jpg 272w\" sizes=\"auto, (max-width: 20px) 100vw, 20px\" \/><\/sub> <a rel=\"noreferrer noopener\" href=\"https:\/\/kidsempowerment.org\/wp-content\/uploads\/2021\/03\/Migrant-Children_Poland-Report-FINAL.pdf\" target=\"_blank\">Pologne<\/a><\/p>\n\n\n\n<p><sub><img loading=\"lazy\" decoding=\"async\" width=\"20\" height=\"13\" class=\"wp-image-5299\" style=\"width: 20px;\" src=\"https:\/\/kidsempowerment.org\/wp-content\/uploads\/2021\/03\/russia-flag-png-xl.jpg\" alt=\"\" srcset=\"https:\/\/kidsempowerment.org\/wp-content\/uploads\/2021\/03\/russia-flag-png-xl.jpg 1024w, https:\/\/kidsempowerment.org\/wp-content\/uploads\/2021\/03\/russia-flag-png-xl-300x200.jpg 300w, https:\/\/kidsempowerment.org\/wp-content\/uploads\/2021\/03\/russia-flag-png-xl-768x512.jpg 768w, https:\/\/kidsempowerment.org\/wp-content\/uploads\/2021\/03\/russia-flag-png-xl-392x272.jpg 392w, https:\/\/kidsempowerment.org\/wp-content\/uploads\/2021\/03\/russia-flag-png-xl-130x90.jpg 130w, https:\/\/kidsempowerment.org\/wp-content\/uploads\/2021\/03\/russia-flag-png-xl-272x182.jpg 272w\" sizes=\"auto, (max-width: 20px) 100vw, 20px\" \/><\/sub> <a rel=\"noreferrer noopener\" href=\"https:\/\/kidsempowerment.org\/wp-content\/uploads\/2021\/03\/Russia-Report.pdf\" target=\"_blank\">F\u00e9d\u00e9ration Russe<\/a><\/p>\n\n\n\n<p id=\"flag-detail\"><sub><img loading=\"lazy\" decoding=\"async\" width=\"20\" height=\"13\" class=\"wp-image-5300\" style=\"width: 20px;\" src=\"https:\/\/kidsempowerment.org\/wp-content\/uploads\/2021\/03\/south-africa-flag-png-xl.jpg\" alt=\"\" srcset=\"https:\/\/kidsempowerment.org\/wp-content\/uploads\/2021\/03\/south-africa-flag-png-xl.jpg 1024w, https:\/\/kidsempowerment.org\/wp-content\/uploads\/2021\/03\/south-africa-flag-png-xl-300x200.jpg 300w, https:\/\/kidsempowerment.org\/wp-content\/uploads\/2021\/03\/south-africa-flag-png-xl-768x512.jpg 768w, https:\/\/kidsempowerment.org\/wp-content\/uploads\/2021\/03\/south-africa-flag-png-xl-392x272.jpg 392w, https:\/\/kidsempowerment.org\/wp-content\/uploads\/2021\/03\/south-africa-flag-png-xl-130x90.jpg 130w, https:\/\/kidsempowerment.org\/wp-content\/uploads\/2021\/03\/south-africa-flag-png-xl-272x182.jpg 272w\" sizes=\"auto, (max-width: 20px) 100vw, 20px\" \/><\/sub> <a rel=\"noreferrer noopener\" href=\"https:\/\/kidsempowerment.org\/wp-content\/uploads\/2021\/03\/KE-Country-Report-South-Africa.pdf\" target=\"_blank\">Afrique du Sud<\/a><\/p>\n\n\n\n<p><sub><img loading=\"lazy\" decoding=\"async\" width=\"20\" height=\"13\" class=\"wp-image-5301\" style=\"width: 20px;\" src=\"https:\/\/kidsempowerment.org\/wp-content\/uploads\/2021\/03\/spain-flag-png-xl.jpg\" alt=\"\" srcset=\"https:\/\/kidsempowerment.org\/wp-content\/uploads\/2021\/03\/spain-flag-png-xl.jpg 1024w, https:\/\/kidsempowerment.org\/wp-content\/uploads\/2021\/03\/spain-flag-png-xl-300x200.jpg 300w, https:\/\/kidsempowerment.org\/wp-content\/uploads\/2021\/03\/spain-flag-png-xl-768x512.jpg 768w, https:\/\/kidsempowerment.org\/wp-content\/uploads\/2021\/03\/spain-flag-png-xl-392x272.jpg 392w, https:\/\/kidsempowerment.org\/wp-content\/uploads\/2021\/03\/spain-flag-png-xl-130x90.jpg 130w, https:\/\/kidsempowerment.org\/wp-content\/uploads\/2021\/03\/spain-flag-png-xl-272x182.jpg 272w\" sizes=\"auto, (max-width: 20px) 100vw, 20px\" \/><\/sub> <a rel=\"noreferrer noopener\" href=\"https:\/\/kidsempowerment.org\/wp-content\/uploads\/2021\/03\/Country-Report_Spain_January-2019.pdf\" target=\"_blank\">Espagne<\/a><\/p>\n\n\n\n<p><sub><img loading=\"lazy\" decoding=\"async\" width=\"20\" height=\"13\" class=\"wp-image-5302\" style=\"width: 20px;\" src=\"https:\/\/kidsempowerment.org\/wp-content\/uploads\/2021\/03\/ukraine-flag-png-xl.jpg\" alt=\"\" srcset=\"https:\/\/kidsempowerment.org\/wp-content\/uploads\/2021\/03\/ukraine-flag-png-xl.jpg 1024w, https:\/\/kidsempowerment.org\/wp-content\/uploads\/2021\/03\/ukraine-flag-png-xl-300x200.jpg 300w, https:\/\/kidsempowerment.org\/wp-content\/uploads\/2021\/03\/ukraine-flag-png-xl-768x512.jpg 768w, https:\/\/kidsempowerment.org\/wp-content\/uploads\/2021\/03\/ukraine-flag-png-xl-392x272.jpg 392w, https:\/\/kidsempowerment.org\/wp-content\/uploads\/2021\/03\/ukraine-flag-png-xl-130x90.jpg 130w, https:\/\/kidsempowerment.org\/wp-content\/uploads\/2021\/03\/ukraine-flag-png-xl-272x182.jpg 272w\" sizes=\"auto, (max-width: 20px) 100vw, 20px\" \/><\/sub> <a rel=\"noreferrer noopener\" href=\"https:\/\/kidsempowerment.org\/wp-content\/uploads\/2021\/03\/NEW_Reception-of-Children-on-the-Move-Ukraine-Report-2.pdf\" target=\"_blank\">Ukraine<\/a><\/p>\n\n\n\n<p><sub><img loading=\"lazy\" decoding=\"async\" width=\"20\" height=\"11\" class=\"wp-image-5303\" style=\"width: 20px;\" src=\"https:\/\/kidsempowerment.org\/wp-content\/uploads\/2021\/03\/united-states-of-america-flag-png-xl.jpg\" alt=\"\" srcset=\"https:\/\/kidsempowerment.org\/wp-content\/uploads\/2021\/03\/united-states-of-america-flag-png-xl.jpg 1024w, https:\/\/kidsempowerment.org\/wp-content\/uploads\/2021\/03\/united-states-of-america-flag-png-xl-300x158.jpg 300w, https:\/\/kidsempowerment.org\/wp-content\/uploads\/2021\/03\/united-states-of-america-flag-png-xl-768x404.jpg 768w, https:\/\/kidsempowerment.org\/wp-content\/uploads\/2021\/03\/united-states-of-america-flag-png-xl-16x8.jpg 16w, https:\/\/kidsempowerment.org\/wp-content\/uploads\/2021\/03\/united-states-of-america-flag-png-xl-390x205.jpg 390w, https:\/\/kidsempowerment.org\/wp-content\/uploads\/2021\/03\/united-states-of-america-flag-png-xl-800x445.jpg 800w\" sizes=\"auto, (max-width: 20px) 100vw, 20px\" \/><\/sub> <a rel=\"noreferrer noopener\" href=\"https:\/\/kidsempowerment.org\/wp-content\/uploads\/2021\/03\/USA-REPORT.pdf\" target=\"_blank\">\u00c9tats-Unis d'Am\u00e9rique<\/a><\/p>\n<\/div><\/div>\n<\/div>\n<\/div>\n\n\n\n<hr class=\"wp-block-separator has-css-opacity is-style-wide\"\/>\n\n\n\n<div class=\"wp-block-group\"><div class=\"wp-block-group__inner-container is-layout-flow wp-block-group-is-layout-flow\">\n<div class=\"wp-block-group\"><div class=\"wp-block-group__inner-container is-layout-flow wp-block-group-is-layout-flow\">\n<div class=\"wp-block-columns is-layout-flex wp-container-core-columns-is-layout-9d6595d7 wp-block-columns-is-layout-flex\">\n<div class=\"wp-block-column is-layout-flow wp-block-column-is-layout-flow\" style=\"flex-basis:100%\">\n<div class=\"wp-block-group\"><div class=\"wp-block-group__inner-container is-layout-flow wp-block-group-is-layout-flow\">\n<div class=\"wp-block-columns is-layout-flex wp-container-core-columns-is-layout-9d6595d7 wp-block-columns-is-layout-flex\">\n<div class=\"wp-block-column is-layout-flow wp-block-column-is-layout-flow\" style=\"flex-basis:50%\">\n<h2 class=\"wp-block-heading\">Enfants ou \u00e9pouses ? Quel statut juridique pour les mineures migrantes victimes de mariage forc\u00e9?<\/h2>\n\n\n\n<p><a rel=\"noreferrer noopener\" href=\"https:\/\/kidsempowerment.org\/wp-content\/uploads\/2021\/03\/FRANCAIS_Child-Brides-Conference-Kids-Empowerment-20-July-2017.pdf\" target=\"_blank\">Actes de la conf\u00e9rence du jeudi 20 juillet 2017<\/a><\/p>\n<\/div>\n\n\n\n<div class=\"wp-block-column is-layout-flow wp-block-column-is-layout-flow\" style=\"flex-basis:50%\">\n<figure class=\"wp-block-image size-large is-resized\"><a href=\"https:\/\/kidsempowerment.org\/wp-content\/uploads\/2021\/03\/FRANCAIS_Child-Brides-Conference-Kids-Empowerment-20-July-2017.pdf\" target=\"_blank\" rel=\"noopener\"><img loading=\"lazy\" decoding=\"async\" src=\"https:\/\/kidsempowerment.org\/wp-content\/uploads\/2021\/03\/Screenshot-2021-03-27-at-12.15.33-PM.png\" alt=\"\" class=\"wp-image-5330\" width=\"175\" height=\"226\" srcset=\"https:\/\/kidsempowerment.org\/wp-content\/uploads\/2021\/03\/Screenshot-2021-03-27-at-12.15.33-PM.png 876w, https:\/\/kidsempowerment.org\/wp-content\/uploads\/2021\/03\/Screenshot-2021-03-27-at-12.15.33-PM-213x300.png 213w, https:\/\/kidsempowerment.org\/wp-content\/uploads\/2021\/03\/Screenshot-2021-03-27-at-12.15.33-PM-727x1024.png 727w, https:\/\/kidsempowerment.org\/wp-content\/uploads\/2021\/03\/Screenshot-2021-03-27-at-12.15.33-PM-768x1082.png 768w, https:\/\/kidsempowerment.org\/wp-content\/uploads\/2021\/03\/Screenshot-2021-03-27-at-12.15.33-PM-9x12.png 9w\" sizes=\"auto, (max-width: 175px) 100vw, 175px\" \/><\/a><\/figure>\n<\/div>\n<\/div>\n<\/div><\/div>\n<\/div>\n<\/div>\n<\/div><\/div>\n<\/div><\/div>\n<\/div>\n<\/div>\n\n\n\n<hr class=\"wp-block-separator has-css-opacity is-style-wide\"\/>\n<\/div>\n<\/div>\n<\/div><\/div>","protected":false},"excerpt":{"rendered":"<p>Kids Empowerment&#8217;s Publications &nbsp; Country Reports Regarding the Reception of Children on the Move Our country reports address the following<\/p>","protected":false},"author":58,"featured_media":0,"parent":0,"menu_order":0,"comment_status":"closed","ping_status":"closed","template":"","meta":{"footnotes":""},"class_list":["post-3530","page","type-page","status-publish","hentry"],"acf":[],"_links":{"self":[{"href":"https:\/\/kidsempowerment.org\/fr\/wp-json\/wp\/v2\/pages\/3530","targetHints":{"allow":["GET"]}}],"collection":[{"href":"https:\/\/kidsempowerment.org\/fr\/wp-json\/wp\/v2\/pages"}],"about":[{"href":"https:\/\/kidsempowerment.org\/fr\/wp-json\/wp\/v2\/types\/page"}],"author":[{"embeddable":true,"href":"https:\/\/kidsempowerment.org\/fr\/wp-json\/wp\/v2\/users\/58"}],"replies":[{"embeddable":true,"href":"https:\/\/kidsempowerment.org\/fr\/wp-json\/wp\/v2\/comments?post=3530"}],"version-history":[{"count":33,"href":"https:\/\/kidsempowerment.org\/fr\/wp-json\/wp\/v2\/pages\/3530\/revisions"}],"predecessor-version":[{"id":6903,"href":"https:\/\/kidsempowerment.org\/fr\/wp-json\/wp\/v2\/pages\/3530\/revisions\/6903"}],"wp:attachment":[{"href":"https:\/\/kidsempowerment.org\/fr\/wp-json\/wp\/v2\/media?parent=3530"}],"curies":[{"name":"wp","href":"https:\/\/api.w.org\/{rel}","templated":true}]}}