{"id":3535,"date":"2021-04-01T08:00:00","date_gmt":"2021-04-01T08:00:00","guid":{"rendered":"https:\/\/kidsempowerment.org\/?page_id=591"},"modified":"2023-12-26T16:47:09","modified_gmt":"2023-12-26T16:47:09","slug":"latest-news","status":"publish","type":"page","link":"https:\/\/kidsempowerment.org\/fr\/","title":{"rendered":"Derni\u00e8res actualit\u00e9s"},"content":{"rendered":"<h2 class=\"wp-block-heading\">Derni\u00e8res actualit\u00e9s<\/h2>\n\n\n<a href=\"https:\/\/kidsempowerment.org\/wp-content\/uploads\/2023\/11\/Communique-de-presse.pdf\" class=\"pdfemb-viewer\" style=\"\" data-width=\"max\" data-height=\"max\"  data-toolbar=\"bottom\" data-toolbar-fixed=\"off\">Communique-de-presse<br\/><\/a>\n<p class=\"wp-block-pdfemb-pdf-embedder-viewer\"><\/p>\n\n\n\n<p><\/p>\n\n\n\n<h3 class=\"wp-block-heading\">Lettre d'appel \u00e0 l'Etat francais afin de prot\u00e9ger les r\u00e9fugiers ukrainiens des risques accrus d'exploitation:<\/h3>\n\n\n\n<h6 class=\"wp-block-heading\">In light of the very high risk of abuse Ukrainian refugees are exposed to during their exile, Kids Empowerment, along with the COFRADE and SOS Migrants Mineurs, urges the French government to take firm actions to ensure the protection of vulnerable persons, a large proportion of which is children, fleeing the Ukrainian conflict.<\/h6>\n\n\n\n<figure class=\"wp-block-image size-large\"><img loading=\"lazy\" decoding=\"async\" width=\"727\" height=\"1024\" src=\"https:\/\/kidsempowerment.org\/wp-content\/uploads\/2022\/03\/document-ukraine-1-727x1024.png\" alt=\"\" class=\"wp-image-5681\" srcset=\"https:\/\/kidsempowerment.org\/wp-content\/uploads\/2022\/03\/document-ukraine-1-727x1024.png 727w, https:\/\/kidsempowerment.org\/wp-content\/uploads\/2022\/03\/document-ukraine-1-213x300.png 213w, https:\/\/kidsempowerment.org\/wp-content\/uploads\/2022\/03\/document-ukraine-1-768x1081.png 768w, https:\/\/kidsempowerment.org\/wp-content\/uploads\/2022\/03\/document-ukraine-1-1091x1536.png 1091w, https:\/\/kidsempowerment.org\/wp-content\/uploads\/2022\/03\/document-ukraine-1-9x12.png 9w, https:\/\/kidsempowerment.org\/wp-content\/uploads\/2022\/03\/document-ukraine-1.png 1432w\" sizes=\"auto, (max-width: 727px) 100vw, 727px\" \/><\/figure>\n\n\n\n<figure class=\"wp-block-image size-large\"><img loading=\"lazy\" decoding=\"async\" width=\"724\" height=\"1024\" src=\"https:\/\/kidsempowerment.org\/wp-content\/uploads\/2022\/03\/document-ukraine-2-724x1024.png\" alt=\"\" class=\"wp-image-5682\" srcset=\"https:\/\/kidsempowerment.org\/wp-content\/uploads\/2022\/03\/document-ukraine-2-724x1024.png 724w, https:\/\/kidsempowerment.org\/wp-content\/uploads\/2022\/03\/document-ukraine-2-212x300.png 212w, https:\/\/kidsempowerment.org\/wp-content\/uploads\/2022\/03\/document-ukraine-2-768x1087.png 768w, https:\/\/kidsempowerment.org\/wp-content\/uploads\/2022\/03\/document-ukraine-2-1085x1536.png 1085w, https:\/\/kidsempowerment.org\/wp-content\/uploads\/2022\/03\/document-ukraine-2-8x12.png 8w, https:\/\/kidsempowerment.org\/wp-content\/uploads\/2022\/03\/document-ukraine-2.png 1426w\" sizes=\"auto, (max-width: 724px) 100vw, 724px\" \/><\/figure>\n\n\n\n<div class=\"wp-block-columns is-layout-flex wp-container-core-columns-is-layout-9d6595d7 wp-block-columns-is-layout-flex\">\n<div class=\"wp-block-column is-layout-flow wp-block-column-is-layout-flow\" style=\"flex-basis:100%\"><\/div>\n<\/div>\n\n\n\n<h3 class=\"wp-block-heading\">Kids Empowerment et le COFRADE demandent une enqu\u00eate de l\u2019ONU sur les violations des droits des mineurs non accompagn\u00e9s en France<\/h3>\n\n\n\n<p>Kids Empowerment et le Conseil Fran\u00e7ais des Associations pour les Droits de l\u2019Enfant (COFRADE) ont, avec le soutien d\u2019associations et de collectifs citoyens, saisi le Comit\u00e9 des droits de l\u2019enfant de l\u2019Organisation des Nations-Unies (ONU) afin de d\u00e9noncer les violations graves et syst\u00e9matiques des droits des mineurs non accompagn\u00e9s (MNA) observ\u00e9es en France. Cette saisine, d\u00e9clar\u00e9e recevable par le Comit\u00e9, ouvre la possibilit\u00e9 d\u2019une enqu\u00eate qui serait une \u00e9tape cl\u00e9 vers la r\u00e9forme du cadre r\u00e9glementaire actuellement en vigueur en France et l\u2019\u00e9volution de pratiques locales condamnables.<\/p>\n\n\n\n<p>Sur la base des informations transmises dans <a href=\"https:\/\/kidsempowerment.org\/wp-content\/uploads\/2021\/05\/saisine-cofrade-x-kids-empowerment-comite-des-droits-de-lenfant.pdf\" target=\"_blank\" rel=\"noreferrer noopener\"><strong>la saisine<\/strong><\/a> r\u00e9dig\u00e9e par Ma\u00eetre Camille Oberkampf et Ma\u00eetre Delphine Mah\u00e9, avocates au Barreau de Paris et membres de l\u2019Alliance des Avocats pour les Droits de l\u2019Homme, les associations demandent au Comit\u00e9 des droits de l\u2019enfant de :&nbsp;&nbsp;<\/p>\n\n\n\n<p>\u00b7\tDiligenter une enqu\u00eate sur les violations commises par la France, \u00c9tat signataire de la Convention internationale des droits de l\u2019enfant, vis-\u00e0-vis des droits \u00e9nonc\u00e9s dans cette convention dans le cadre de l\u2019accueil et de la prise en charge des MNA pr\u00e9sents sur le territoire national ;&nbsp;&nbsp;&nbsp;<\/p>\n\n\n\n<p>\u00b7\tformuler des observations et recommandations n\u00e9cessaires \u00e0 la protection des droits de ces enfants ;&nbsp;&nbsp;&nbsp;&nbsp;&nbsp;&nbsp;<\/p>\n\n\n\n<p>Pour appuyer leurs demandes, les associations ont fourni au Comit\u00e9 de nombreuses donn\u00e9es quantitatives et qualitatives, y compris des \u00e9l\u00e9ments concrets issus d\u2019exp\u00e9riences de terrain illustrant des violations graves et syst\u00e9matiques des droits des MNA par la France, et notamment leur droit \u00e0 une protection inconditionnelle. L\u2019acc\u00e8s aux soins, \u00e0 l\u2019h\u00e9bergement ou encore \u00e0 l\u2019\u00e9ducation sont \u00e9galement abord\u00e9s dans le document de 80 pages, qui conclut sans \u00e9quivoque qu\u2019en France, les droits de ces mineurs priv\u00e9s de la protection de leur famille ne sont pas respect\u00e9s.<\/p>\n\n\n\n<p>La saisine attribue les violations d\u00e9nonc\u00e9es \u00e0 deux facteurs principaux : le d\u00e9ni de minorit\u00e9 dont sont victimes ces enfants et qui les prive du dispositif national de protection de l\u2019enfance, et les in\u00e9galit\u00e9s de traitement de ces enfants au sein du territoire fran\u00e7ais.&nbsp;<\/p>\n\n\n\n<p>Par ailleurs, l\u2019insuffisance des ressources financi\u00e8res, humaines et mat\u00e9rielles allou\u00e9es par l\u2019\u00c9tat aux d\u00e9partements responsables de la prise en charge de ces enfants, associ\u00e9e \u00e0 l\u2019absence d\u2019une autorit\u00e9 de contr\u00f4le ou de coordination nationale effective, fragilisent tout effort de protection des droits de ces enfants particuli\u00e8rement vuln\u00e9rables.<\/p>\n\n\n\n<p>Actuellement, des milliers de mineurs non accompagn\u00e9s ne peuvent compter que sur l\u2019aide des associations et de collectifs citoyens engag\u00e9s, alors que chacun d\u2019entre eux devrait relever, comme tout mineur pr\u00e9sent sur le territoire, de la protection de l\u2019enfance \u00e0 la charge des pouvoirs publics fran\u00e7ais.<\/p>\n\n\n\n<p>Actuellement, des milliers de mineurs non accompagn\u00e9s ne peuvent compter que sur l\u2019aide des associations et de collectifs citoyens engag\u00e9s, alors que chacun d\u2019entre eux devrait relever, comme tout mineur pr\u00e9sent sur le territoire, de la protection de l\u2019enfance \u00e0 la charge des pouvoirs publics fran\u00e7ais.<\/p>\n\n\n\n<div class=\"wp-block-buttons is-layout-flex wp-block-buttons-is-layout-flex\">\n<div class=\"wp-block-button\"><a class=\"wp-block-button__link has-background wp-element-button\" href=\"https:\/\/kidsempowerment.org\/wp-content\/uploads\/2021\/05\/SYNTHESE-.pdf\" style=\"background-color:#04a60f\" target=\"_blank\" rel=\"noreferrer noopener\">Synth\u00e8se de la Saisine<\/a><\/div>\n<\/div>\n\n\n\n<p> <\/p>\n\n\n\n<h3 class=\"wp-block-heading\">Lancement du Guide de Destination Inconnue<\/h3>\n\n\n\n<p><em>Un guide relatif \u00e0 la compr\u00e9hension des pactes mondiaux pour les migrations et les r\u00e9fugi\u00e9s et leur interpr\u00e9tation au regard des enfants.<\/em><\/p>\n\n\n\n<p><a href=\"https:\/\/destination-unknown.org\" target=\"_blank\" rel=\"noreferrer noopener\">Destination Inconnue<\/a>, un r\u00e9seau d'organisations et de jeunes unis autour de la protection des enfants migrants auquel appartient Kids Empowerment, a d\u00e9velopp\u00e9 un nouveau manuel sur les droits de l'enfant et les pactes mondiaux.<\/p>\n\n\n\n<p><a href=\"https:\/\/destination-unknown.org\/assets\/Uploads\/8868d7d220\/Destination-Unknown-Child-Rights-and-Global-Compacts-Guide-160421.pdf\" target=\"_blank\" rel=\"noreferrer noopener\">Ce guide<\/a> analyse le pacte mondial pour des migrations s\u00fbres, ordonn\u00e9es et r\u00e9guli\u00e8res, et le pacte mondial pour les r\u00e9fugi\u00e9s, sous l'angle des droits de l'enfant et met en \u00e9vidence les mesures relatives a la protection des droits de l'enfant.&nbsp;<\/p>\n\n\n\n<p>It outlines what is in the Global Compacts that is of relevance for children and the provisions for the implementation, monitoring and review of these frameworks. It also suggests ways of engaging with the implementation of the Global Compacts.<\/p>\n\n\n\n<p>Destination Inconnue s'engage \u00e0 travailler en partenariat et a d\u00e9velopp\u00e9 ce guide \u00e0 l'attention des personnes, organisations, et agences travaillant pour la protection des enfants migrants afin de les accompagner dans l'interpr\u00e9tation des pactes mondiaux.<\/p>\n\n\n\n<h3 class=\"wp-block-heading\">Kids Empowerment Rejoint la Campagne Destination Inconnue<\/h3>\n\n\n\n<p>Kids Empowerment a le plaisir d'annoncer qu'en F\u00e9vrier 2021, nous avons joint la campagne<a rel=\"noreferrer noopener\" href=\"https:\/\/destination-unknown.org\/\" target=\"_blank\"> Destination Inconnue,<\/a> une alliance globale engag\u00e9e \u00e0 s'assurer que les droits des enfants et jeunes migrants soient respect\u00e9s partout et a tout moment.<\/p>\n\n\n\n<h3 class=\"wp-block-heading\">Kids Empowerment devient membre du Conseil des Associations pour Les Droits de L'enfant (COFRADE)<\/h3>\n\n\n\n<p>Le 5 avril 2019, Kids Empowerment a \u00e9t\u00e9 admis en tant que membre du Conseil Fran\u00e7ais des Associations pour Les Droits de l'Enfant (COFRADE). A l'instar de Kids Empowerment, COFRADE vise \u00e0 assurer la bonne mise en \u0153uvre de la Convention relative aux droits de l'enfant en France. En coordonnant le travail de ses associations membres, la COFRADE cherche \u00e0 promouvoir les droits de l'enfant et intervient aupr\u00e8s des pouvoirs publics. En tant que collectif, l'organisation joue effectivement son r\u00f4le de garant de la Convention relative aux droits de l'enfant aupr\u00e8s des institutions fran\u00e7aises. L'un de leurs principaux projets \u00e0 l'heure actuelle porte sur le droit \u00e0 l'\u00e9ducation des enfants. Kids Empowerment sera en mesure de faire du plaidoyer par le biais de cette organisation et nous sommes ravis des merveilleuses opportunit\u00e9s qui s'offrent \u00e0 nous.<\/p>\n\n\n\n<h3 class=\"wp-block-heading\">Projet d\u2019\u00e9ducation pour les droits de l\u2019enfant avec la Caserne Exelman<\/h3>\n\n\n\n<p>Ancienne caserne parisienne, la Caserne Exelman sert de refuge temporaire \u00e0 de nombreux r\u00e9fugi\u00e9s. Kids Empowerment travaille avec l'Association Aurore, qui g\u00e8re le refuge pour demandeurs d'asile. Nous \u00e9laborons avec eux un mod\u00e8le de sensibilisation aux droits de l\u2019enfant gr\u00e2ce \u00e0 des activit\u00e9s d\u2019\u00e9ducation hebdomadaires avec les enfants.<\/p>\n\n\n\n<h3 class=\"wp-block-heading\">Global NextGen Index<\/h3>\n\n\n\n<p>En tant que membre du&nbsp;<a href=\"https:\/\/endchilddetention.org\/\" target=\"_blank\" rel=\"noreferrer noopener\">Global Campaign to End Child Detention<\/a>&nbsp;Kids Empowerment a le plaisir de vous faire part du lancement du NextGen Index en ao\u00fbt 2018. Cet outil comparatif, d\u00e9velopp\u00e9 dans le cadre de la Campagne Globale Halte \u00e0 la D\u00e9tention des Enfants Migrants ! \u00e0 laquelle participe Kids Empowerment, propose un classement de pays selectionn\u00e9s en fonction de leur avancement dans l\u2019interdiction de la d\u00e9tention des enfants. Vous pouvez y acc\u00e9der ici.<\/p>\n\n\n\n<p class=\" translation-block\">The tool was launched in August 2013. You can find out more about the tool and the ranking of your country&nbsp;<a href=\"http:\/\/next-gen-index.org\/wp\/en\/about\/\" target=\"_self\" rel=\"noreferrer noopener\">here<\/a>&nbsp;.<\/p>\n\n\n\n<h3 class=\"wp-block-heading\">Conf\u00e9rence Internationale sur les Droits des R\u00e9fugi\u00e9s<\/h3>\n\n\n\n<p>Kids Empowerment sera pr\u00e9sente \u00e0 la Conf\u00e9rence Internationale sur les Droits des R\u00e9fugi\u00e9s, du 7 au 9 juin<sup>th<\/sup>-9<sup>th<\/sup>&nbsp;\u00e0 Toronto (Canada), organis\u00e9e par le Conseil canadien pour les r\u00e9fugi\u00e9s. Parmi les participants seront notamment pr\u00e9sents des ONG, des repr\u00e9sentants gouvernementaux, des universitaires et des r\u00e9fugi\u00e9s, pour d\u00e9battre sur de nouvelles strat\u00e9gies de lutte contre les injustices internationales commises \u00e0 l\u2019\u00e9gard des r\u00e9fugi\u00e9s et des migrants. Cette ann\u00e9e, l\u2019accent est plus particuli\u00e8rement mis sur les Pays du Sud et les Pactes mondiaux sur la migration et les r\u00e9fugi\u00e9s. Certains objectifs de cette conf\u00e9rence tendent \u00e0 promouvoir le \u00ab networking transfrontalier \u00bb, le \u00ab renforcement du plaidoyer et d\u00e9veloppement des ONG \u00bb, et l\u2019 \u00ab \u00e9dification des voix des r\u00e9fugi\u00e9s et migrants vuln\u00e9rables \u00bb. Pour plus d\u2019informations :&nbsp;<a href=\"http:\/\/ccrweb.ca\/en\/international-refugee-rights-conference-2018#zoom=8&amp;lat=43.77345&amp;lon=-79.50187&amp;layers=BT\" target=\"_blank\" rel=\"noreferrer noopener\">http:\/\/ccrweb.ca\/en\/international-refugee-rights-conference-2018#<\/a><a rel=\"noreferrer noopener\" href=\"http:\/\/ccrweb.ca\/en\/international-refugee-rights-conference-2018#zoom=8&amp;lat=43.77345&amp;lon=-79.50187&amp;layers=BT\" target=\"_blank\">zoom<\/a><a href=\"http:\/\/ccrweb.ca\/en\/international-refugee-rights-conference-2018#zoom=8&amp;lat=43.77345&amp;lon=-79.50187&amp;layers=BT\">=8&amp;lat=43.77345&amp;lon=-79.50187&amp;layers=BT<\/a><\/p>\n\n\n\n<h3 class=\"wp-block-heading\">Comit\u00e9 des Nations unies sur les travailleurs migrants<\/h3>\n\n\n\n<p>En juin 2017, Kids Empowerment a adress\u00e9 ses recommandations au Comit\u00e9 des Nations unies sur les travailleurs migrants \u00e0 travers le projet d\u2019\u00e9laboration commune de commentaires r\u00e9dig\u00e9 par le Comit\u00e9 des Nations unies aux Droits de l\u2019Enfant.<\/p>\n\n\n\n<p>Nos recommandations, ainsi que celles d\u2019autres associations, sont disponibles \u00e0 la consultation sur le site du Haut-Commissariat des Nations unies aux droits de l\u2019homme :<\/p>\n\n\n\n<p><a href=\"http:\/\/www.ohchr.org\/EN\/HRBodies\/CRC\/Pages\/AddWrittenContributions.aspx\" target=\"_blank\" rel=\"noreferrer noopener\">http:\/\/www.ohchr.org\/EN\/HRBodies\/CRC\/Pages\/AddWrittenContributions.aspx<\/a><\/p>","protected":false},"excerpt":{"rendered":"<p>Latest News Letter to the French Governement: In light of the very high risk of abuse Ukrainian refugees are exposed<\/p>","protected":false},"author":58,"featured_media":0,"parent":0,"menu_order":0,"comment_status":"closed","ping_status":"closed","template":"","meta":{"footnotes":""},"class_list":["post-3535","page","type-page","status-publish","hentry"],"acf":[],"_links":{"self":[{"href":"https:\/\/kidsempowerment.org\/fr\/wp-json\/wp\/v2\/pages\/3535","targetHints":{"allow":["GET"]}}],"collection":[{"href":"https:\/\/kidsempowerment.org\/fr\/wp-json\/wp\/v2\/pages"}],"about":[{"href":"https:\/\/kidsempowerment.org\/fr\/wp-json\/wp\/v2\/types\/page"}],"author":[{"embeddable":true,"href":"https:\/\/kidsempowerment.org\/fr\/wp-json\/wp\/v2\/users\/58"}],"replies":[{"embeddable":true,"href":"https:\/\/kidsempowerment.org\/fr\/wp-json\/wp\/v2\/comments?post=3535"}],"version-history":[{"count":32,"href":"https:\/\/kidsempowerment.org\/fr\/wp-json\/wp\/v2\/pages\/3535\/revisions"}],"predecessor-version":[{"id":6914,"href":"https:\/\/kidsempowerment.org\/fr\/wp-json\/wp\/v2\/pages\/3535\/revisions\/6914"}],"wp:attachment":[{"href":"https:\/\/kidsempowerment.org\/fr\/wp-json\/wp\/v2\/media?parent=3535"}],"curies":[{"name":"wp","href":"https:\/\/api.w.org\/{rel}","templated":true}]}}