{"id":399,"date":"2017-04-17T13:38:33","date_gmt":"2017-04-17T13:38:33","guid":{"rendered":"http:\/\/www.kidsempowerment.org\/?page_id=399"},"modified":"2021-03-06T13:27:09","modified_gmt":"2021-03-06T13:27:09","slug":"nyea-mary-magdalene-buam","status":"publish","type":"page","link":"https:\/\/kidsempowerment.org\/fr\/about-us\/nyea-mary-magdalene-buam","title":{"rendered":"Nyea Mary Magdalene Buam"},"content":{"rendered":"<p><b>Nyea Mary Magdalene Buam <\/b><span style=\"font-weight: 400;\">vient de terminer sa ma\u00eetrise en droits de l'homme internationaux et droit humanitaire de l'Universit\u00e9 europ\u00e9enne Viadrina, Frankfurt Oder (Allemagne). Elle est titulaire d\u2019un dipl\u00f4me de troisi\u00e8me cycle (Master) en droit des affaires de l\u2019Universit\u00e9 de Yaound\u00e9 II (Cameroun) et est titulaire d\u2019une licence en droit et sciences politiques de l\u2019Universit\u00e9 de Dschang (Cameroun). Actuellement, elle est gestionnaire de programme et directrice du programme Droits de l'homme \/ justice \u00e0 l'International Institute for Caring. Auparavant, elle a fait du b\u00e9n\u00e9volat avec Malteser Hilfdienst en tant que coordinatrice des enfants r\u00e9fugi\u00e9s, elle pr\u00e9pare actuellement des rapports sur le statut des enfants migrants au Cameroun pour l'autonomisation des enfants. Elle s\u2019int\u00e9resse aux domaines des droits des femmes et des enfants, des droits des prisonniers, en particulier des enfants en conflit avec la loi.<\/span><\/p>","protected":false},"excerpt":{"rendered":"<p>Nyea Mary Magdalene Buam just completed her Master Degree in International Human Rights and Humanitarian Law from European University Viadrina,<\/p>","protected":false},"author":58,"featured_media":0,"parent":3518,"menu_order":11,"comment_status":"closed","ping_status":"closed","template":"","meta":{"footnotes":""},"class_list":["post-399","page","type-page","status-publish","hentry"],"acf":[],"_links":{"self":[{"href":"https:\/\/kidsempowerment.org\/fr\/wp-json\/wp\/v2\/pages\/399","targetHints":{"allow":["GET"]}}],"collection":[{"href":"https:\/\/kidsempowerment.org\/fr\/wp-json\/wp\/v2\/pages"}],"about":[{"href":"https:\/\/kidsempowerment.org\/fr\/wp-json\/wp\/v2\/types\/page"}],"author":[{"embeddable":true,"href":"https:\/\/kidsempowerment.org\/fr\/wp-json\/wp\/v2\/users\/58"}],"replies":[{"embeddable":true,"href":"https:\/\/kidsempowerment.org\/fr\/wp-json\/wp\/v2\/comments?post=399"}],"version-history":[{"count":3,"href":"https:\/\/kidsempowerment.org\/fr\/wp-json\/wp\/v2\/pages\/399\/revisions"}],"predecessor-version":[{"id":4891,"href":"https:\/\/kidsempowerment.org\/fr\/wp-json\/wp\/v2\/pages\/399\/revisions\/4891"}],"up":[{"embeddable":true,"href":"https:\/\/kidsempowerment.org\/fr\/wp-json\/wp\/v2\/pages\/3518"}],"wp:attachment":[{"href":"https:\/\/kidsempowerment.org\/fr\/wp-json\/wp\/v2\/media?parent=399"}],"curies":[{"name":"wp","href":"https:\/\/api.w.org\/{rel}","templated":true}]}}