{"id":4979,"date":"2021-03-06T18:49:26","date_gmt":"2021-03-06T18:49:26","guid":{"rendered":"https:\/\/kidsempowerment.org\/?page_id=4979"},"modified":"2021-03-08T16:58:29","modified_gmt":"2021-03-08T16:58:29","slug":"network","status":"publish","type":"page","link":"https:\/\/kidsempowerment.org\/fr\/network","title":{"rendered":"R\u00e9seau"},"content":{"rendered":"<h2 class=\"wp-block-heading\">R\u00e9seaux Professionnels et Sp\u00e9cialis\u00e9s<\/h2>\n\n\n\n<div class=\"wp-block-buttons is-layout-flex wp-block-buttons-is-layout-flex\">\n<div class=\"wp-block-button\"><a class=\"wp-block-button__link has-white-background-color has-background\" href=\"https:\/\/www.keepingchildrensafe.org.uk\/\" target=\"_blank\" rel=\"noreferrer noopener\"><img loading=\"lazy\" decoding=\"async\" width=\"240\" height=\"102\" class=\"wp-image-3989\" style=\"width: 240px;\" src=\"https:\/\/kidsempowerment.org\/wp-content\/uploads\/2021\/03\/Keeping-Children-Safe.jpg\" alt=\"\"><\/a><\/div>\n\n\n\n<div class=\"wp-block-button\"><a class=\"wp-block-button__link has-white-background-color has-background\" href=\"https:\/\/idcoalition.org\/\" target=\"_blank\" rel=\"noreferrer noopener\"><img loading=\"lazy\" decoding=\"async\" width=\"250\" height=\"91\" class=\"wp-image-3987\" style=\"width: 250px;\" src=\"https:\/\/kidsempowerment.org\/wp-content\/uploads\/2021\/03\/International-Detention-Coalition.png\" alt=\"\" srcset=\"https:\/\/kidsempowerment.org\/wp-content\/uploads\/2021\/03\/International-Detention-Coalition.png 654w, https:\/\/kidsempowerment.org\/wp-content\/uploads\/2021\/03\/International-Detention-Coalition-300x109.png 300w\" sizes=\"auto, (max-width: 250px) 100vw, 250px\" \/><\/a><\/div>\n\n\n\n<div class=\"wp-block-button\"><a class=\"wp-block-button__link has-black-color has-white-background-color has-text-color has-background\" href=\"https:\/\/www.cofrade.org\/\" target=\"_blank\" rel=\"noreferrer noopener\"><img loading=\"lazy\" decoding=\"async\" width=\"140\" height=\"136\" class=\"wp-image-3984\" style=\"width: 140px;\" src=\"https:\/\/kidsempowerment.org\/wp-content\/uploads\/2021\/03\/Cofrade.png\" alt=\"\"><\/a><\/div>\n\n\n\n<div class=\"wp-block-button\"><a class=\"wp-block-button__link has-black-color has-white-background-color has-text-color has-background\" href=\"https:\/\/destination-unknown.org\/\" target=\"_blank\" rel=\"noreferrer noopener\"><img loading=\"lazy\" decoding=\"async\" width=\"230\" height=\"102\" class=\"wp-image-4985\" style=\"width: 230px;\" src=\"https:\/\/kidsempowerment.org\/wp-content\/uploads\/2021\/03\/Logo-portrait.jpg\" alt=\"\" srcset=\"https:\/\/kidsempowerment.org\/wp-content\/uploads\/2021\/03\/Logo-portrait.jpg 1653w, https:\/\/kidsempowerment.org\/wp-content\/uploads\/2021\/03\/Logo-portrait-300x133.jpg 300w, https:\/\/kidsempowerment.org\/wp-content\/uploads\/2021\/03\/Logo-portrait-1024x453.jpg 1024w, https:\/\/kidsempowerment.org\/wp-content\/uploads\/2021\/03\/Logo-portrait-768x340.jpg 768w, https:\/\/kidsempowerment.org\/wp-content\/uploads\/2021\/03\/Logo-portrait-1536x679.jpg 1536w, https:\/\/kidsempowerment.org\/wp-content\/uploads\/2021\/03\/Logo-portrait-16x7.jpg 16w\" sizes=\"auto, (max-width: 230px) 100vw, 230px\" \/><\/a><\/div>\n<\/div>\n\n\n\n<div style=\"height:45px\" aria-hidden=\"true\" id=\"institutional-partners\" class=\"wp-block-spacer\"><\/div>\n\n\n\n<hr class=\"wp-block-separator aligncenter has-text-color has-background has-black-background-color has-black-color is-style-dots\"\/>\n\n\n\n<h2 class=\"wp-block-heading\">Partenaires Institutionnels<\/h2>\n\n\n\n<div class=\"wp-block-buttons is-layout-flex wp-block-buttons-is-layout-flex\">\n<div class=\"wp-block-button\"><a class=\"wp-block-button__link has-white-background-color has-background\" href=\"http:\/\/www.mattosfilho.com.br\/\" target=\"_blank\" rel=\"noreferrer noopener\"><img loading=\"lazy\" decoding=\"async\" width=\"400\" height=\"79\" class=\"wp-image-3990\" style=\"width: 400px;\" src=\"https:\/\/kidsempowerment.org\/wp-content\/uploads\/2021\/03\/Matos-filhos.png\" alt=\"\"><\/a><\/div>\n\n\n\n<div class=\"wp-block-button\"><a class=\"wp-block-button__link has-white-background-color has-background\" href=\"http:\/\/www.creel.mx\/\" target=\"_blank\" rel=\"noreferrer noopener\"><img loading=\"lazy\" decoding=\"async\" width=\"400\" height=\"96\" class=\"wp-image-3985\" style=\"width: 400px;\" src=\"https:\/\/kidsempowerment.org\/wp-content\/uploads\/2021\/03\/creel.jpg\" alt=\"\" srcset=\"https:\/\/kidsempowerment.org\/wp-content\/uploads\/2021\/03\/creel.jpg 406w, https:\/\/kidsempowerment.org\/wp-content\/uploads\/2021\/03\/creel-300x72.jpg 300w\" sizes=\"auto, (max-width: 400px) 100vw, 400px\" \/><\/a><\/div>\n\n\n\n<div class=\"wp-block-button\"><a class=\"wp-block-button__link has-white-color has-white-background-color has-text-color has-background\" href=\"https:\/\/www.dentons.com\/en\" target=\"_blank\" rel=\"noreferrer noopener\"><img loading=\"lazy\" decoding=\"async\" width=\"340\" height=\"66\" class=\"wp-image-3986\" style=\"width: 340px;\" src=\"https:\/\/kidsempowerment.org\/wp-content\/uploads\/2021\/03\/dentons.png\" alt=\"\"><\/a><\/div>\n\n\n\n<div class=\"wp-block-button\"><a class=\"wp-block-button__link has-white-background-color has-background\" href=\"https:\/\/www.aurore.asso.fr\/\" target=\"_blank\" rel=\"noreferrer noopener\"><img loading=\"lazy\" decoding=\"async\" width=\"220\" height=\"96\" class=\"wp-image-3982\" style=\"width: 220px;\" src=\"https:\/\/kidsempowerment.org\/wp-content\/uploads\/2021\/03\/aurore.png\" alt=\"\"><\/a><\/div>\n\n\n\n<div class=\"wp-block-button\"><a class=\"wp-block-button__link has-white-background-color has-background\" href=\"https:\/\/www.whitecase.com\/\" target=\"_blank\" rel=\"noreferrer noopener\"><img loading=\"lazy\" decoding=\"async\" width=\"220\" height=\"89\" class=\"wp-image-3992\" style=\"width: 220px;\" src=\"https:\/\/kidsempowerment.org\/wp-content\/uploads\/2021\/03\/white-case.png\" alt=\"\"><\/a><\/div>\n\n\n\n<div class=\"wp-block-button\"><a class=\"wp-block-button__link has-pale-cyan-blue-color has-white-background-color has-text-color has-background\" href=\"https:\/\/www.soulfoodparis.com\/\" target=\"_blank\" rel=\"noreferrer noopener\"><img loading=\"lazy\" decoding=\"async\" width=\"200\" height=\"202\" class=\"wp-image-3991\" style=\"width: 200px;\" src=\"https:\/\/kidsempowerment.org\/wp-content\/uploads\/2021\/03\/soulfood.png\" alt=\"\"><\/a><\/div>\n\n\n\n<div class=\"wp-block-button\"><a class=\"wp-block-button__link has-white-background-color has-background\" href=\"http:\/\/www.central-law.com\/\" target=\"_blank\" rel=\"noreferrer noopener\"><img loading=\"lazy\" decoding=\"async\" width=\"600\" height=\"135\" class=\"wp-image-3983\" style=\"width: 600px;\" src=\"https:\/\/kidsempowerment.org\/wp-content\/uploads\/2021\/03\/Central-law.png\" alt=\"\" srcset=\"https:\/\/kidsempowerment.org\/wp-content\/uploads\/2021\/03\/Central-law.png 346w, https:\/\/kidsempowerment.org\/wp-content\/uploads\/2021\/03\/Central-law-300x68.png 300w\" sizes=\"auto, (max-width: 600px) 100vw, 600px\" \/><\/a><\/div>\n<\/div>\n\n\n\n<p><\/p>","protected":false},"excerpt":{"rendered":"<p>Membership in professional\/specialized bodies: Institutional partners:<\/p>","protected":false},"author":59,"featured_media":0,"parent":0,"menu_order":0,"comment_status":"closed","ping_status":"closed","template":"","meta":{"footnotes":""},"class_list":["post-4979","page","type-page","status-publish","hentry"],"acf":[],"_links":{"self":[{"href":"https:\/\/kidsempowerment.org\/fr\/wp-json\/wp\/v2\/pages\/4979","targetHints":{"allow":["GET"]}}],"collection":[{"href":"https:\/\/kidsempowerment.org\/fr\/wp-json\/wp\/v2\/pages"}],"about":[{"href":"https:\/\/kidsempowerment.org\/fr\/wp-json\/wp\/v2\/types\/page"}],"author":[{"embeddable":true,"href":"https:\/\/kidsempowerment.org\/fr\/wp-json\/wp\/v2\/users\/59"}],"replies":[{"embeddable":true,"href":"https:\/\/kidsempowerment.org\/fr\/wp-json\/wp\/v2\/comments?post=4979"}],"version-history":[{"count":17,"href":"https:\/\/kidsempowerment.org\/fr\/wp-json\/wp\/v2\/pages\/4979\/revisions"}],"predecessor-version":[{"id":5262,"href":"https:\/\/kidsempowerment.org\/fr\/wp-json\/wp\/v2\/pages\/4979\/revisions\/5262"}],"wp:attachment":[{"href":"https:\/\/kidsempowerment.org\/fr\/wp-json\/wp\/v2\/media?parent=4979"}],"curies":[{"name":"wp","href":"https:\/\/api.w.org\/{rel}","templated":true}]}}