{"id":5053,"date":"2021-03-07T11:57:16","date_gmt":"2021-03-07T11:57:16","guid":{"rendered":"https:\/\/kidsempowerment.org\/?page_id=5053"},"modified":"2021-03-20T16:37:57","modified_gmt":"2021-03-20T16:37:57","slug":"projects","status":"publish","type":"page","link":"https:\/\/kidsempowerment.org\/fr\/projects","title":{"rendered":"Projets"},"content":{"rendered":"<hr class=\"wp-block-separator is-style-wide\"\/>\n\n\n\n<h2 class=\"wp-block-heading\" id=\"legal-guardianship-project\">Projet de tutelle en Europe<\/h2>\n\n\n\n<p class=\" translation-block\">En raison du manque de formation observ\u00e9 des tuteurs l\u00e9gaux des enfants migrants en Europe, Kids Empowerment d\u00e9veloppe des modules de formation visant \u00e0 am\u00e9liorer les connaissances et la pr\u00e9paration des tuteurs. Notre \u00e9quipe a pr\u00e9par\u00e9 et finalis\u00e9 des modules sur le cadre juridique international affectant le travail des tuteurs l\u00e9gaux, les questions de traite des \u00eatres humains, l'int\u00e9r\u00eat sup\u00e9rieur de l'enfant, la psychologie et les traumatismes, et les techniques de communication et d'entretien. Ce travail sur la formation des tuteurs l\u00e9gaux s\u2019est traduit par un partenariat entre Kids Empowerment et l\u2019\u00e9cole de politique publique de l\u2019Universit\u00e9 d\u2019Europe centrale (CEU). Dans le cadre du projet de politique appliqu\u00e9e de la CEU, les \u00e9tudiants de l\u2019universit\u00e9 ont commenc\u00e9 \u00e0 pr\u00e9parer les sp\u00e9cificit\u00e9s nationales et les bo\u00eetes \u00e0 outils pour la formation des tuteurs l\u00e9gaux en Finlande et en R\u00e9publique tch\u00e8que.<\/p>\n\n\n\n<p>The E-Learning platform will soon be available from this page<\/p>\n\n\n\n<hr class=\"wp-block-separator is-style-wide\"\/>\n\n\n\n<h2 class=\"wp-block-heading\">EmpowerMIE<\/h2>\n\n\n\n<div class=\"wp-block-columns is-layout-flex wp-container-core-columns-is-layout-9d6595d7 wp-block-columns-is-layout-flex\">\n<div class=\"wp-block-column is-layout-flow wp-block-column-is-layout-flow\" style=\"flex-basis:33.33%\">\n<figure class=\"wp-block-image size-large\"><img loading=\"lazy\" decoding=\"async\" width=\"300\" height=\"280\" src=\"https:\/\/kidsempowerment.org\/wp-content\/uploads\/2021\/03\/empowermie-logo.jpg\" alt=\"\" class=\"wp-image-4006\"\/><\/figure>\n<\/div>\n\n\n\n<div class=\"wp-block-column is-layout-flow wp-block-column-is-layout-flow\" style=\"flex-basis:66.66%\">\n<p><strong>Kids Empowerment<\/strong> d\u00e9veloppe actuellement une application mobile pour aider les enfants migrants non accompagn\u00e9s \u00e0 naviguer dans les exigences administratives et l\u00e9gales de l'int\u00e9gration en France. Selon Eurostat, il y a entre 8 000 et 10 000 enfants migrants non accompagn\u00e9s en France. \u00c0 leur arriv\u00e9e, l'un des plus gros probl\u00e8mes qu'ils rencontrent est simplement de ne pas savoir quoi faire. Ils viennent pour de nombreuses raisons: victimes de la traite, envoy\u00e9es par leurs familles, en qu\u00eate d'une vie meilleure, fuyant une situation de violence dans leur foyer ou leur pays. Certains b\u00e9n\u00e9ficieront du regroupement familial, d'autres b\u00e9n\u00e9ficieront de la protection de l'enfance de l'\u00c9tat, d'autres ne seront m\u00eame pas reconnus comme mineurs car ils n'auront pas fourni une pi\u00e8ce d'identit\u00e9 appropri\u00e9e. Le but de l'application est de fournir \u00e0 ces mineurs toutes les informations n\u00e9cessaires sur le processus de demande d'asile en France ou sur le processus de regroupement familial dans un pays tiers europ\u00e9en et comment b\u00e9n\u00e9ficier d'une garde d'enfants en France.<\/p>\n<\/div>\n<\/div>\n\n\n\n<h2 class=\"wp-block-heading\" id=\"caserne-exelman\">Projet d\u2019\u00e9ducation pour les droits de l\u2019enfant avec la Caserne Exelman<\/h2>\n\n\n\n<p>Former barracks in Paris, the Caserne Exelman served as a temporary shelter for many refugees. Kids Empowerment worked along with Aurore association, which managed shelter for asylum seekers. We partnered with them over the 2018-2019 period ro raise awareness about child&#8217;s rights through weekly education activities with children.<\/p>","protected":false},"excerpt":{"rendered":"<p>Legal guardianship project in Europe Due to the observed lack of training for legal guardians of migrant children in Europe,<\/p>","protected":false},"author":1,"featured_media":0,"parent":0,"menu_order":0,"comment_status":"closed","ping_status":"closed","template":"","meta":{"footnotes":""},"class_list":["post-5053","page","type-page","status-publish","hentry"],"acf":[],"_links":{"self":[{"href":"https:\/\/kidsempowerment.org\/fr\/wp-json\/wp\/v2\/pages\/5053","targetHints":{"allow":["GET"]}}],"collection":[{"href":"https:\/\/kidsempowerment.org\/fr\/wp-json\/wp\/v2\/pages"}],"about":[{"href":"https:\/\/kidsempowerment.org\/fr\/wp-json\/wp\/v2\/types\/page"}],"author":[{"embeddable":true,"href":"https:\/\/kidsempowerment.org\/fr\/wp-json\/wp\/v2\/users\/1"}],"replies":[{"embeddable":true,"href":"https:\/\/kidsempowerment.org\/fr\/wp-json\/wp\/v2\/comments?post=5053"}],"version-history":[{"count":32,"href":"https:\/\/kidsempowerment.org\/fr\/wp-json\/wp\/v2\/pages\/5053\/revisions"}],"predecessor-version":[{"id":5326,"href":"https:\/\/kidsempowerment.org\/fr\/wp-json\/wp\/v2\/pages\/5053\/revisions\/5326"}],"wp:attachment":[{"href":"https:\/\/kidsempowerment.org\/fr\/wp-json\/wp\/v2\/media?parent=5053"}],"curies":[{"name":"wp","href":"https:\/\/api.w.org\/{rel}","templated":true}]}}