{"id":5201,"date":"2021-03-07T19:33:48","date_gmt":"2021-03-07T19:33:48","guid":{"rendered":"https:\/\/kidsempowerment.org\/?page_id=5201"},"modified":"2021-03-07T20:39:17","modified_gmt":"2021-03-07T20:39:17","slug":"database","status":"publish","type":"page","link":"https:\/\/kidsempowerment.org\/fr\/ressources\/database","title":{"rendered":"Biblioth\u00e8que juridique"},"content":{"rendered":"<div style=\"height:31px\" aria-hidden=\"true\" class=\"wp-block-spacer\"><\/div>\n\n\n\n<p><strong>Kids Empowerment<\/strong>&nbsp;d\u00e9tient une bibliographie consid\u00e9rable en mati\u00e8re de l\u00e9gislation et de rapports sur les Droits des Enfants. Vous pouvez consulter notre biblioth\u00e8que en ligne en utilisant les crit\u00e8res de recherche suivants\u00a0:<\/p>\n\n\n\n<ul class=\"wp-block-list\"><li>Langue<\/li><li>Pays<\/li><li>Type de document\u00a0: L\u00e9gislation, L\u00e9gislation secondaire, Soft Law, Jurisprudence, Trait\u00e9s Internationaux, Rapports, Documents<\/li><li>Date de publication<\/li><li>Sujets, dont\u00a0: tutelle\/repr\u00e9sentation l\u00e9gale, d\u00e9tention, placement, r\u00e9unification familiale, protection internationale, estimation d\u2019\u00e2ge, protection de donn\u00e9es, acc\u00e8s aux droits, mineurs non-accompagn\u00e9s<\/li><\/ul>\n\n\n\n<p>Vous pouvez consulter la biblioth\u00e8que en cliquant ci-dessous\u00a0:<\/p>\n\n\n\n<div class=\"wp-block-buttons is-layout-flex wp-block-buttons-is-layout-flex\">\n<div class=\"wp-block-button\"><a class=\"wp-block-button__link has-background no-border-radius\" href=\"https:\/\/kidsempowerment.org\/fr\/ressources\/database\/database_for_computer\/\" style=\"background-color:#446ad1\">Database ordinateur<\/a><\/div>\n\n\n\n<div class=\"wp-block-button\"><a class=\"wp-block-button__link has-background no-border-radius\" href=\"https:\/\/kidsempowerment.org\/fr\/ressources\/database\/search-in-database-mobile\/\" style=\"background-color:#446ad1\">Database smarphone<\/a><\/div>\n<\/div>\n\n\n\n<p>Si vous utilisez un smartphone ou une tablette, vous pouvez utiliser la page de recherche optimis\u00e9e pour consulter la base de donn\u00e9es.<\/p>","protected":false},"excerpt":{"rendered":"<p>Kids Empowerment&nbsp;holds a considerable library of legislation and reports on Child\u2019s Rights. You can browse through our library using the<\/p>","protected":false},"author":1,"featured_media":0,"parent":3530,"menu_order":0,"comment_status":"closed","ping_status":"closed","template":"","meta":{"footnotes":""},"class_list":["post-5201","page","type-page","status-publish","hentry"],"acf":[],"_links":{"self":[{"href":"https:\/\/kidsempowerment.org\/fr\/wp-json\/wp\/v2\/pages\/5201","targetHints":{"allow":["GET"]}}],"collection":[{"href":"https:\/\/kidsempowerment.org\/fr\/wp-json\/wp\/v2\/pages"}],"about":[{"href":"https:\/\/kidsempowerment.org\/fr\/wp-json\/wp\/v2\/types\/page"}],"author":[{"embeddable":true,"href":"https:\/\/kidsempowerment.org\/fr\/wp-json\/wp\/v2\/users\/1"}],"replies":[{"embeddable":true,"href":"https:\/\/kidsempowerment.org\/fr\/wp-json\/wp\/v2\/comments?post=5201"}],"version-history":[{"count":6,"href":"https:\/\/kidsempowerment.org\/fr\/wp-json\/wp\/v2\/pages\/5201\/revisions"}],"predecessor-version":[{"id":5221,"href":"https:\/\/kidsempowerment.org\/fr\/wp-json\/wp\/v2\/pages\/5201\/revisions\/5221"}],"up":[{"embeddable":true,"href":"https:\/\/kidsempowerment.org\/fr\/wp-json\/wp\/v2\/pages\/3530"}],"wp:attachment":[{"href":"https:\/\/kidsempowerment.org\/fr\/wp-json\/wp\/v2\/media?parent=5201"}],"curies":[{"name":"wp","href":"https:\/\/api.w.org\/{rel}","templated":true}]}}