{"id":984,"date":"2017-07-28T15:31:32","date_gmt":"2017-07-28T15:31:32","guid":{"rendered":"https:\/\/kidsempowerment.org\/?page_id=984"},"modified":"2021-03-06T13:27:30","modified_gmt":"2021-03-06T13:27:30","slug":"anisa-mahmoudi","status":"publish","type":"page","link":"https:\/\/kidsempowerment.org\/fr\/about-us\/anisa-mahmoudi","title":{"rendered":"Anisa Mahmoudi"},"content":{"rendered":"<p><strong>Anisa Mahmoudi<\/strong> est une avocate \u00e0 la Cour Supr\u00eame d\u2019Afrique du Sud, d\u00e9tenant un LL.M (sp\u00e9cialit\u00e9 en droits de l\u2019Homme) de l\u2019University College of London, ainsi qu\u2019un L.L.B de l\u2019Universit\u00e9 de Cape Town. Sa carri\u00e8re juridique a d\u00e9but\u00e9 au Legal Ressources Centre, une ONG sp\u00e9cialis\u00e9e en droits de l\u2019Homme, dont l\u2019objectif est d\u2019assurer que les droits et libert\u00e9s garanties par la Constitution soient respect\u00e9s, promus, et prot\u00e9g\u00e9s. Elle a aussi fait de la recherche avec le Democratic Governance and Rights Unit, un groupe de recherche appliqu\u00e9e au sein du D\u00e9partement de Droit Public de l\u2019Universit\u00e9 de Cape Town. Elle a \u00e9t\u00e9 stagiaire \u00e0 l\u2019Institut Britannique de Droit International et Compar\u00e9 et au Human Rights Watch. Elle a effectu\u00e9 un mandat de Pr\u00e9sident du Conseil d\u2019administration au sein d\u2019une ONG sud africaine, the South African Faith and Family Institute, qui intervient dans le domaine de violences \u00e0 l\u2019encontre de femmes et d\u2019enfants. Elle a \u00e9t\u00e9 b\u00e9n\u00e9vole \u00e0 l\u2019Office des Affaires Publiques des Bahais d\u2019Afrique du Sud, et travaillait sur des campagnes d\u00e9fendant la libert\u00e9 de religion et de culte. Actuellement, elle est b\u00e9n\u00e9vole au sein de l\u2019Office des Affaires Publiques des Bahais du Royaume-Uni, en tant que repr\u00e9sentante de le l\u2019Asylum Advocacy Group. Elle contribue aux projets ponctuels. Elle habite \u00e0 Londres et se passionne pour le droit des r\u00e9fugi\u00e9s, les droits des femmes et les droits des enfants. Elle participe \u00e0 la r\u00e9daction du rapport national de Kids Empowerment sur le statut des enfants migrants en Afrique du Sud.<\/p>","protected":false},"excerpt":{"rendered":"<p>Anisa Mahmoudi is an admitted attorney of the High Court of South Africa, holding an LL.M (with a focus on<\/p>","protected":false},"author":58,"featured_media":0,"parent":3518,"menu_order":15,"comment_status":"closed","ping_status":"closed","template":"","meta":{"footnotes":""},"class_list":["post-984","page","type-page","status-publish","hentry"],"acf":[],"_links":{"self":[{"href":"https:\/\/kidsempowerment.org\/fr\/wp-json\/wp\/v2\/pages\/984","targetHints":{"allow":["GET"]}}],"collection":[{"href":"https:\/\/kidsempowerment.org\/fr\/wp-json\/wp\/v2\/pages"}],"about":[{"href":"https:\/\/kidsempowerment.org\/fr\/wp-json\/wp\/v2\/types\/page"}],"author":[{"embeddable":true,"href":"https:\/\/kidsempowerment.org\/fr\/wp-json\/wp\/v2\/users\/58"}],"replies":[{"embeddable":true,"href":"https:\/\/kidsempowerment.org\/fr\/wp-json\/wp\/v2\/comments?post=984"}],"version-history":[{"count":3,"href":"https:\/\/kidsempowerment.org\/fr\/wp-json\/wp\/v2\/pages\/984\/revisions"}],"predecessor-version":[{"id":4819,"href":"https:\/\/kidsempowerment.org\/fr\/wp-json\/wp\/v2\/pages\/984\/revisions\/4819"}],"up":[{"embeddable":true,"href":"https:\/\/kidsempowerment.org\/fr\/wp-json\/wp\/v2\/pages\/3518"}],"wp:attachment":[{"href":"https:\/\/kidsempowerment.org\/fr\/wp-json\/wp\/v2\/media?parent=984"}],"curies":[{"name":"wp","href":"https:\/\/api.w.org\/{rel}","templated":true}]}}